{"id":66,"date":"2025-07-27T15:24:51","date_gmt":"2025-07-27T13:24:51","guid":{"rendered":"https:\/\/kunstverein.advancedmagic.de\/?page_id=66"},"modified":"2026-04-16T09:24:19","modified_gmt":"2026-04-16T07:24:19","slug":"impressum","status":"publish","type":"page","link":"https:\/\/kunstverein-bamberg.de\/index.php\/impressum\/","title":{"rendered":"Impressum"},"content":{"rendered":"<section class=\"l-section wpb_row height_medium\"><div class=\"l-section-h i-cf\"><div class=\"g-cols vc_row via_grid cols_1 laptops-cols_inherit tablets-cols_inherit mobiles-cols_1 valign_top type_default stacking_default\"><div class=\"wpb_column vc_column_container\"><div class=\"vc_column-inner\"><h3 class=\"w-text\"><span class=\"w-text-h\"><span class=\"w-text-value\">Impressum<\/span><\/span><\/h3><div class=\"wpb_text_column us_custom_972da36b\"><div class=\"wpb_wrapper\"><h6>Adresse:<\/h6>\n<p>Kunstverein Bamberg e.V.<\/p>\n<p>Sch\u00fctzenstr. 4<\/p>\n<p>96047 Bamberg<\/p>\n<\/div><\/div><div class=\"w-separator size_medium\"><\/div><div class=\"wpb_text_column us_custom_972da36b\"><div class=\"wpb_wrapper\"><h6>Kontakt:<\/h6>\n<p>Telefon: +49 170 3550612 (Sylvia Michel)<\/p>\n<p>E-Mail: info[\u00e4t]kunstverein-bamberg.de<\/p>\n<p>Website: www.kunstverein-bamberg.de<\/p>\n<\/div><\/div><div class=\"w-separator size_medium\"><\/div><div class=\"wpb_text_column\"><div class=\"wpb_wrapper\"><h6>Vereinsregister:<\/h6>\n<div id=\"cc-m-12902325999\" class=\"j-module n j-text \">Amtsgericht Bamberg<br \/>\nVR 148<\/div>\n<div id=\"cc-m-13326739899\" class=\"j-module n j-text \">Online-Streitbeteiligung gem\u00e4\u00df Art. 14 Abs. 1<br \/>\nODR-VO: Die Europ\u00e4ische Kommission stellt eine Plattform zu Online-Streitbeteiligungen (OS) bereit, die Sie unter http\/\/ec.europa.eu\/consumers\/odr finden.<br \/>\nZur Teilnahme an einem Streitbeteiligungsverfahren vor einer Verbraucherschlichtungsstelle sind wir nicht verpflichtet und nicht bereit.<\/div>\n<\/div><\/div><div class=\"w-separator size_medium\"><\/div><h6 class=\"w-text\"><span class=\"w-text-h\"><span class=\"w-text-value\">Inhaltlich verantwortlich gem\u00e4\u00df \u00a7 10 Abs. 3 MDStV: \u00a755 Abs. 2 RStV:<\/span><\/span><\/h6><div class=\"wpb_text_column\"><div class=\"wpb_wrapper\"><div id=\"cc-m-13326740099\" class=\"j-module n j-text \">Kunstverein Bamberg e. V.<br \/>\nSch\u00fctzenstr. 4<br \/>\n96047 Bamberg<br \/>\n1. Vorsitzende: Sylvia Michel<br \/>\n2. Vorsitzende und Schriftf\u00fchrerin: (z. Z. vakant)<br \/>\nSchatzmeister: Peter Fankh\u00e4nel<br \/>\nTelefon: +49 170 3550612 (Sylvia Michel)<br \/>\nE-Mail: info[\u00e4t]kunstverein-bamberg.de<br \/>\nWebsite: <a href=\"\/\">https:\/\/www.kunstverein-bamberg.de<\/a><\/div>\n<\/div><\/div><div class=\"w-separator size_small\"><\/div><div class=\"wpb_text_column\"><div class=\"wpb_wrapper\"><p>Die Inhalte unserer Seiten wurden mit gr\u00f6\u00dfter Sorgfalt erstellt. F\u00fcr die Richtigkeit, Vollst\u00e4ndigkeit und Aktualit\u00e4t der Inhalte k\u00f6nnen wir jedoch keine Gew\u00e4hr \u00fcbernehmen. Wir \u00fcbernehmen keine Haftung f\u00fcr die Inhalte externer Links und distanzieren uns ausdr\u00fccklich von allen Inhalten externer Seiten auf dieser Website. F\u00fcr den Inhalt der verlinkten Seiten sind ausschlie\u00dflich deren Betreiber verantwortlich. Alle Rechte vorbehalten. Jegliche Vervielf\u00e4ltigung oder Weiterverbreitung in jedem Medium als Ganzes oder in Teilen bedarf der schriftlichen Zustimmung.<\/p>\n<\/div><\/div><div class=\"w-separator size_medium\"><\/div><div class=\"wpb_text_column\"><div class=\"wpb_wrapper\"><h6>Homepage:<\/h6>\n<p>Diese Webseite wurde von <a href=\"https:\/\/thomas-michel-contemporary-art.de\/\">Thomas Michel<\/a> und <a href=\"https:\/\/advancedmagic.de\/\">Peter Fankh\u00e4nel<\/a> entworfen und umgesetzt.<\/p>\n<\/div><\/div><\/div><\/div><\/div><\/div><\/section>\n","protected":false},"excerpt":{"rendered":"","protected":false},"author":1,"featured_media":0,"parent":0,"menu_order":0,"comment_status":"closed","ping_status":"closed","template":"","meta":{"footnotes":""},"class_list":["post-66","page","type-page","status-publish","hentry"],"_links":{"self":[{"href":"https:\/\/kunstverein-bamberg.de\/index.php\/wp-json\/wp\/v2\/pages\/66","targetHints":{"allow":["GET"]}}],"collection":[{"href":"https:\/\/kunstverein-bamberg.de\/index.php\/wp-json\/wp\/v2\/pages"}],"about":[{"href":"https:\/\/kunstverein-bamberg.de\/index.php\/wp-json\/wp\/v2\/types\/page"}],"author":[{"embeddable":true,"href":"https:\/\/kunstverein-bamberg.de\/index.php\/wp-json\/wp\/v2\/users\/1"}],"replies":[{"embeddable":true,"href":"https:\/\/kunstverein-bamberg.de\/index.php\/wp-json\/wp\/v2\/comments?post=66"}],"version-history":[{"count":5,"href":"https:\/\/kunstverein-bamberg.de\/index.php\/wp-json\/wp\/v2\/pages\/66\/revisions"}],"predecessor-version":[{"id":25186,"href":"https:\/\/kunstverein-bamberg.de\/index.php\/wp-json\/wp\/v2\/pages\/66\/revisions\/25186"}],"wp:attachment":[{"href":"https:\/\/kunstverein-bamberg.de\/index.php\/wp-json\/wp\/v2\/media?parent=66"}],"curies":[{"name":"wp","href":"https:\/\/api.w.org\/{rel}","templated":true}]}}