{"id":60,"date":"2025-07-27T15:24:22","date_gmt":"2025-07-27T13:24:22","guid":{"rendered":"https:\/\/kunstverein.advancedmagic.de\/?page_id=60"},"modified":"2025-09-12T22:03:05","modified_gmt":"2025-09-12T20:03:05","slug":"stolpersteine","status":"publish","type":"page","link":"https:\/\/kunstverein-bamberg.de\/index.php\/stolpersteine\/","title":{"rendered":"Stolpersteine"},"content":{"rendered":"<section class=\"l-section wpb_row height_medium\"><div class=\"l-section-h i-cf\"><div class=\"g-cols vc_row via_grid cols_1 laptops-cols_inherit tablets-cols_inherit mobiles-cols_1 valign_top type_default stacking_default\"><div class=\"wpb_column vc_column_container\"><div class=\"vc_column-inner\"><h3 class=\"w-text\"><span class=\"w-text-h\"><span class=\"w-text-value\">Stolpersteine<\/span><\/span><\/h3><div class=\"wpb_text_column\"><div class=\"wpb_wrapper\"><div id=\"cc-m-13263344299\" class=\"j-module n j-text \">\n<p>Im Zuge der Vorbereitung zum 200. Jubil\u00e4um, haben wir das Handeln des Kunstvereins Bamberg in der Zeit des Nationalsozialismus wissenschaftlich durch den Historiker Andreas Ullmann untersuchen lassen. Das Ergebnis dieser Arbeit wurde der \u00d6ffentlichkeit bereits am 17. Oktober 2023 in der Volkshochschule Bamberg mit einem Vortrag und anschlie\u00dfender Podiumsdiskussion vorgestellt. Ver\u00f6ffentlicht wird die wissenschaftliche Arbeit Ende des Jahres 2023 in den Berichten des Historischen Vereins Bamberg.<\/p>\n<p>Als Konsequenz f\u00fcr das Handeln des Vorstands in dieser Zeit hat der aktuelle Vorstand des Kunstvereins entschieden, dass jedem ermordeten Mitglied, an das noch nicht mit einem Stolperstein in Bamberg erinnert wird, ein solches Zeichen gestiftet wird. Begonnen wurde mit der Aktion bereits am 24. Oktober mit der Verlegung von Stolpersteinen vor in der Luitpoldstr. 47, vor dem ehemaligen Wohnhaus von Bernhard und Bertha Bettmann.<\/p>\n<\/div>\n<\/div><\/div><div class=\"w-separator size_small\"><\/div><div class=\"w-gallery fit_cover type_grid ratio_1x1 count_2\" style=\"--columns:4;--items-gap:10px;\"><div class=\"w-gallery-list\"><div class=\"w-gallery-item\"><div class=\"w-gallery-item-img\"><img loading=\"lazy\" decoding=\"async\" width=\"566\" height=\"400\" src=\"https:\/\/kunstverein-bamberg.de\/wp-content\/uploads\/2025\/09\/stolpersteine-2.jpg\" class=\"attachment-large size-large\" alt=\"\" srcset=\"https:\/\/kunstverein-bamberg.de\/wp-content\/uploads\/2025\/09\/stolpersteine-2.jpg 566w, https:\/\/kunstverein-bamberg.de\/wp-content\/uploads\/2025\/09\/stolpersteine-2-300x212.jpg 300w\" sizes=\"auto, (max-width: 566px) 100vw, 566px\" \/><\/div><\/div><div class=\"w-gallery-item\"><div class=\"w-gallery-item-img\"><img loading=\"lazy\" decoding=\"async\" width=\"533\" height=\"400\" src=\"https:\/\/kunstverein-bamberg.de\/wp-content\/uploads\/2025\/09\/stolpersteine-1.jpg\" class=\"attachment-large size-large\" alt=\"\" srcset=\"https:\/\/kunstverein-bamberg.de\/wp-content\/uploads\/2025\/09\/stolpersteine-1.jpg 533w, https:\/\/kunstverein-bamberg.de\/wp-content\/uploads\/2025\/09\/stolpersteine-1-300x225.jpg 300w\" sizes=\"auto, (max-width: 533px) 100vw, 533px\" \/><\/div><\/div><\/div><\/div><div class=\"w-separator size_small\"><\/div><div class=\"wpb_text_column\"><div class=\"wpb_wrapper\"><p>Da die Verlegung von Stolpersteinen f\u00fcr den Verein aufgrund der Vielzahl der ermordeten und vertriebenen Mitglieder eine gro\u00dfe Herausforderung f\u00fcr die n\u00e4chsten Jahre darstellt, bittet der Verein darum, die Aktion mit Spenden zu unterst\u00fctzen.<\/p>\n<div id=\"cc-m-13263345199\" class=\"j-module n j-text \">\n<p><strong>Spenden k\u00f6nnen unter Nennung des Verwendungszwecks &#8222;Stolpersteine&#8220; auf das Konto\u00a0<\/strong><strong>DE18 7705 0000 0000 0209 90 \u00fcberwiesen werden.<\/strong><\/div>\n<\/div><\/div><\/div><\/div><\/div><\/div><\/section>\n","protected":false},"excerpt":{"rendered":"","protected":false},"author":1,"featured_media":0,"parent":0,"menu_order":0,"comment_status":"closed","ping_status":"closed","template":"","meta":{"footnotes":""},"class_list":["post-60","page","type-page","status-publish","hentry"],"_links":{"self":[{"href":"https:\/\/kunstverein-bamberg.de\/index.php\/wp-json\/wp\/v2\/pages\/60","targetHints":{"allow":["GET"]}}],"collection":[{"href":"https:\/\/kunstverein-bamberg.de\/index.php\/wp-json\/wp\/v2\/pages"}],"about":[{"href":"https:\/\/kunstverein-bamberg.de\/index.php\/wp-json\/wp\/v2\/types\/page"}],"author":[{"embeddable":true,"href":"https:\/\/kunstverein-bamberg.de\/index.php\/wp-json\/wp\/v2\/users\/1"}],"replies":[{"embeddable":true,"href":"https:\/\/kunstverein-bamberg.de\/index.php\/wp-json\/wp\/v2\/comments?post=60"}],"version-history":[{"count":5,"href":"https:\/\/kunstverein-bamberg.de\/index.php\/wp-json\/wp\/v2\/pages\/60\/revisions"}],"predecessor-version":[{"id":25003,"href":"https:\/\/kunstverein-bamberg.de\/index.php\/wp-json\/wp\/v2\/pages\/60\/revisions\/25003"}],"wp:attachment":[{"href":"https:\/\/kunstverein-bamberg.de\/index.php\/wp-json\/wp\/v2\/media?parent=60"}],"curies":[{"name":"wp","href":"https:\/\/api.w.org\/{rel}","templated":true}]}}