{"id":56,"date":"2025-07-27T15:23:54","date_gmt":"2025-07-27T13:23:54","guid":{"rendered":"https:\/\/kunstverein.advancedmagic.de\/?page_id=56"},"modified":"2025-09-05T12:38:00","modified_gmt":"2025-09-05T10:38:00","slug":"jahresgaben","status":"publish","type":"page","link":"https:\/\/kunstverein-bamberg.de\/index.php\/jahresgaben\/","title":{"rendered":"Jahresgaben"},"content":{"rendered":"<section class=\"l-section wpb_row height_medium\"><div class=\"l-section-h i-cf\"><div class=\"g-cols vc_row via_grid cols_1 laptops-cols_inherit tablets-cols_inherit mobiles-cols_1 valign_top type_default stacking_default\"><div class=\"wpb_column vc_column_container\"><div class=\"vc_column-inner\"><h3 class=\"w-text\"><span class=\"w-text-h\"><span class=\"w-text-value\">Unsere Jahresgaben<\/span><\/span><\/h3><div class=\"wpb_text_column\"><div class=\"wpb_wrapper\"><div id=\"cc-m-13143127999\" class=\"j-module n j-text \">\n<p>Schon immer f\u00f6rderten Kunstvereine in Deutschland nicht nur die Begegnung mit den Werken der bildenden Kunst, sondern auch die K\u00fcnstlerInnen selber. In diesem Sinne haben Jahresgaben mehrere Funktionen: sie werden als Auftr\u00e4ge an zeitgen\u00f6ssische K\u00fcnstlerInnen vergeben und dienen dazu, deren Bekanntheitsgrad zu vergr\u00f6\u00dfern. Gleichzeitig erm\u00f6glichen sie es den Vereinsmitgliedern, limitierte Kunstwerke zu Vorzugspreisen zu erwerben, um sich selbst eine Sammlung zeitgen\u00f6ssischer Kunst aufzubauen.<br \/>\n\u00dcber eine Mitgliedschaft im Verein k\u00f6nnen die Jahresgaben von Interessenten erworben werden. Die Jahresgaben werden regelm\u00e4\u00dfig im Advent aufgelegt.<br \/>\nMit dem Kauf einer Jahresgabe leisten Sie einen wichtigen Beitrag zur F\u00f6rderung zeitgen\u00f6ssischer Kunst und K\u00fcnstlerInnen sowie zur Arbeit des Kunstvereins. Im Preis der Jahresgaben ist bereits der Mitgliedsbeitrag (40,00 \u20ac bzw. erm\u00e4\u00dfigt 10,00 \u20ac) des kommenden Jahres enthalten.<br \/>\nWir freuen uns auch, neue Mitglieder \u00fcber den Erwerb einer Jahresgabe zu gewinnen!<\/p>\n<\/div>\n<\/div><\/div><\/div><\/div><\/div><\/div><\/section>\n","protected":false},"excerpt":{"rendered":"","protected":false},"author":1,"featured_media":0,"parent":0,"menu_order":0,"comment_status":"closed","ping_status":"closed","template":"","meta":{"footnotes":""},"class_list":["post-56","page","type-page","status-publish","hentry"],"_links":{"self":[{"href":"https:\/\/kunstverein-bamberg.de\/index.php\/wp-json\/wp\/v2\/pages\/56","targetHints":{"allow":["GET"]}}],"collection":[{"href":"https:\/\/kunstverein-bamberg.de\/index.php\/wp-json\/wp\/v2\/pages"}],"about":[{"href":"https:\/\/kunstverein-bamberg.de\/index.php\/wp-json\/wp\/v2\/types\/page"}],"author":[{"embeddable":true,"href":"https:\/\/kunstverein-bamberg.de\/index.php\/wp-json\/wp\/v2\/users\/1"}],"replies":[{"embeddable":true,"href":"https:\/\/kunstverein-bamberg.de\/index.php\/wp-json\/wp\/v2\/comments?post=56"}],"version-history":[{"count":6,"href":"https:\/\/kunstverein-bamberg.de\/index.php\/wp-json\/wp\/v2\/pages\/56\/revisions"}],"predecessor-version":[{"id":24327,"href":"https:\/\/kunstverein-bamberg.de\/index.php\/wp-json\/wp\/v2\/pages\/56\/revisions\/24327"}],"wp:attachment":[{"href":"https:\/\/kunstverein-bamberg.de\/index.php\/wp-json\/wp\/v2\/media?parent=56"}],"curies":[{"name":"wp","href":"https:\/\/api.w.org\/{rel}","templated":true}]}}