{"id":50,"date":"2025-07-27T15:23:26","date_gmt":"2025-07-27T13:23:26","guid":{"rendered":"https:\/\/kunstverein.advancedmagic.de\/?page_id=50"},"modified":"2025-09-05T14:44:17","modified_gmt":"2025-09-05T12:44:17","slug":"mitglied-werden","status":"publish","type":"page","link":"https:\/\/kunstverein-bamberg.de\/index.php\/mitglied-werden\/","title":{"rendered":"Mitglied werden"},"content":{"rendered":"<div class=\"wpb_text_column\"><div class=\"wpb_wrapper\"><p>Werden Sie Mitglied und unterst\u00fctzen Sie den Kunstverein. Der Mitgliedsbeitrag pro Jahr betr\u00e4gt \u20ac40,- (f\u00fcr Sch\u00fclerInnen, Auszubildende und Studierende \u20ac10,- Nachweis bitte per E-Mail einsenden).<br \/>\nH\u00f6here Beitr\u00e4ge und Spenden sind herzlich willkommen<\/p>\n<\/div><\/div><section class=\"l-section wpb_row height_medium\"><div class=\"l-section-h i-cf\"><div class=\"g-cols vc_row via_grid cols_1 laptops-cols_inherit tablets-cols_inherit mobiles-cols_1 valign_top type_default stacking_default\"><div class=\"wpb_column vc_column_container\"><div class=\"vc_column-inner\"><h3 class=\"w-text\"><span class=\"w-text-h\"><span class=\"w-text-value\">Mitglied werden<\/span><\/span><\/h3><div class=\"w-separator size_small\"><\/div><form class=\"w-form  us-field-style_1 layout_ver show_message_after_sending for_cform us_form_1 validate_by_recaptcha\" action=\"https:\/\/kunstverein-bamberg.de\/index.php\/wp-json\/wp\/v2\/pages\/50\" method=\"post\"><div class=\"w-form-h\"><div class=\"w-form-row for_info\">\r\n\t<p>Ich m\u00f6chte gerne Mitglied des Kunstverein Bamberg e. V. werden<\/p>\r\n<\/div>\r\n<div class=\"w-form-row for_text has_label\">\r\n\t\t\t<div class=\"w-form-row-label\">\r\n\t\t\t<span>Anrede<\/span>\r\n\t\t<\/div>\r\n\t\t<div class=\"w-form-row-field\">\r\n\t\t\t\t\t\t<input aria-label=\"Anrede\" type=\"text\" name=\"us_form_1_text_1\" value placeholder=\"Anrede\"\/>\r\n\t\t\t<\/div>\r\n\t\t<div class=\"w-form-row-state\">Bitte f\u00fcllen Sie dieses Feld aus.<\/div>\r\n<\/div>\r\n<div class=\"w-form-row for_text has_label required\">\r\n\t\t\t<div class=\"w-form-row-label\">\r\n\t\t\t<span>Name *<\/span>\r\n\t\t<\/div>\r\n\t\t<div class=\"w-form-row-field\">\r\n\t\t\t\t\t\t<input aria-label=\"Name\" type=\"text\" name=\"us_form_1_text_2\" value placeholder=\"Name\" data-required=\"true\" aria-required=\"true\"\/>\r\n\t\t\t<\/div>\r\n\t\t<div class=\"w-form-row-state\">Bitte f\u00fcllen Sie dieses Feld aus.<\/div>\r\n<\/div>\r\n<div class=\"w-form-row for_text has_label required\">\r\n\t\t\t<div class=\"w-form-row-label\">\r\n\t\t\t<span>Stra\u00dfe *<\/span>\r\n\t\t<\/div>\r\n\t\t<div class=\"w-form-row-field\">\r\n\t\t\t\t\t\t<input aria-label=\"Stra\u00dfe\" type=\"text\" name=\"us_form_1_text_3\" value placeholder=\"Stra\u00dfe\" data-required=\"true\" aria-required=\"true\"\/>\r\n\t\t\t<\/div>\r\n\t\t<div class=\"w-form-row-state\">Bitte f\u00fcllen Sie dieses Feld aus.<\/div>\r\n<\/div>\r\n<div class=\"w-form-row for_text has_label required\">\r\n\t\t\t<div class=\"w-form-row-label\">\r\n\t\t\t<span>PLZ, Ort *<\/span>\r\n\t\t<\/div>\r\n\t\t<div class=\"w-form-row-field\">\r\n\t\t\t\t\t\t<input aria-label=\"PLZ, Ort\" type=\"text\" name=\"us_form_1_text_4\" value placeholder=\"PLZ, Ort\" data-required=\"true\" aria-required=\"true\"\/>\r\n\t\t\t<\/div>\r\n\t\t<div class=\"w-form-row-state\">Bitte f\u00fcllen Sie dieses Feld aus.<\/div>\r\n<\/div>\r\n<div class=\"w-form-row for_email has_label required\">\r\n\t\t\t<div class=\"w-form-row-label\">\r\n\t\t\t<span>E-Mail *<\/span>\r\n\t\t<\/div>\r\n\t\t<div class=\"w-form-row-field\">\r\n\t\t\t\t\t\t<input aria-label=\"E-Mail\" type=\"email\" name=\"us_form_1_email_1\" value placeholder=\"E-Mail\" data-required=\"true\" aria-required=\"true\"\/>\r\n\t\t\t<\/div>\r\n\t\t<div class=\"w-form-row-state\">Bitte gib eine g\u00fcltige E-Mail-Adresse ein.<\/div>\r\n<\/div>\r\n<div class=\"w-form-row for_text has_label\">\r\n\t\t\t<div class=\"w-form-row-label\">\r\n\t\t\t<span>Telefon<\/span>\r\n\t\t<\/div>\r\n\t\t<div class=\"w-form-row-field\">\r\n\t\t\t\t\t\t<input aria-label=\"Telefon\" type=\"text\" name=\"us_form_1_text_5\" value placeholder=\"Telefon\"\/>\r\n\t\t\t<\/div>\r\n\t\t<div class=\"w-form-row-state\">Bitte f\u00fcllen Sie dieses Feld aus.<\/div>\r\n<\/div>\r\n<div class=\"w-form-row for_info\">\r\n\t<p>Ich erkl\u00e4re mich damit einverstanden, dass der Beitrag in H\u00f6he von \u20ac40,- (reduziert \u20ac10,-) j\u00e4hrlich im praktischen SEPA-Lastschriftverfahren von meinem Konto abgebucht wird (jederzeit widerrufbar).<\/p>\r\n<\/div>\r\n<div class=\"w-form-row for_text has_label\">\r\n\t\t\t<div class=\"w-form-row-label\">\r\n\t\t\t<span>Kontoinhaber<\/span>\r\n\t\t<\/div>\r\n\t\t<div class=\"w-form-row-field\">\r\n\t\t\t\t\t\t<input aria-label=\"Kontoinhaber\" type=\"text\" name=\"us_form_1_text_6\" value placeholder=\"Kontoinhaber\"\/>\r\n\t\t\t<\/div>\r\n\t\t<div class=\"w-form-row-state\">Bitte f\u00fcllen Sie dieses Feld aus.<\/div>\r\n<\/div>\r\n<div class=\"w-form-row for_text has_label\">\r\n\t\t\t<div class=\"w-form-row-label\">\r\n\t\t\t<span>IBAN<\/span>\r\n\t\t<\/div>\r\n\t\t<div class=\"w-form-row-field\">\r\n\t\t\t\t\t\t<input aria-label=\"IBAN\" type=\"text\" name=\"us_form_1_text_7\" value placeholder=\"IBAN\"\/>\r\n\t\t\t<\/div>\r\n\t\t<div class=\"w-form-row-state\">Bitte f\u00fcllen Sie dieses Feld aus.<\/div>\r\n<\/div>\r\n<div class=\"w-form-row for_text has_label\">\r\n\t\t\t<div class=\"w-form-row-label\">\r\n\t\t\t<span>Bank<\/span>\r\n\t\t<\/div>\r\n\t\t<div class=\"w-form-row-field\">\r\n\t\t\t\t\t\t<input aria-label=\"Bank\" type=\"text\" name=\"us_form_1_text_8\" value placeholder=\"Bank\"\/>\r\n\t\t\t<\/div>\r\n\t\t<div class=\"w-form-row-state\">Bitte f\u00fcllen Sie dieses Feld aus.<\/div>\r\n<\/div>\r\n<input type=\"hidden\" name=\"action\" value=\"us_ajax_cform\" \/>\r\n<input type=\"hidden\" name=\"post_id\" value=\"0\" \/>\r\n<input type=\"hidden\" name=\"form_index\" value=\"1\" \/>\r\n<div class=\"w-form-row for_recaptcha_text\">This site is protected by reCAPTCHA and the Google <a href=\"https:\/\/policies.google.com\/privacy\" target=\"_blank\">Privacy Policy<\/a> and <a href=\"https:\/\/policies.google.com\/terms\" target=\"_blank\">Terms of Service<\/a> apply.<\/div><div class=\"w-form-row for_submit align_none\"><button class=\"w-btn us-btn-style_1\" type=\"submit\" aria-label=\"abschicken\"><span class=\"g-preloader type_1\"><\/span><span class=\"w-btn-label\">abschicken<\/span><\/button><\/div><\/div><div class=\"w-form-message\"><\/div><div class=\"w-form-json hidden\" onclick='return {&quot;ajaxurl&quot;:&quot;https:\\\/\\\/kunstverein-bamberg.de\\\/wp-admin\\\/admin-ajax.php&quot;,&quot;messages&quot;:{&quot;err_empty&quot;:&quot;Bitte f\\u00fcllen Sie dieses Feld aus.&quot;,&quot;err_size&quot;:&quot;Die Dateigr\\u00f6\\u00dfe darf %s MB nicht \\u00fcberschreiten&quot;,&quot;err_extension&quot;:&quot;Dateityp %s ist nicht zul\\u00e4ssig&quot;,&quot;err_recaptcha_keys&quot;:&quot;reCAPTCHA-Schl\\u00fcssel sind fehlerhaft&quot;},&quot;recaptcha_site_key&quot;:&quot;6LfoTtYrAAAAAGPDUyHS5fKxUq5revJFzYpqNslv&quot;}'><\/div><\/form><div class=\"w-separator size_medium\"><\/div><h6 class=\"w-text\"><span class=\"w-text-h\"><span class=\"w-text-value\">Was bedeutet eine Mitgliedschaft f\u00fcr Sie?<\/span><\/span><\/h6><div class=\"wpb_text_column\"><div class=\"wpb_wrapper\"><div id=\"cc-m-13207889399\" class=\"j-module n j-text \">\n<p>Sie haben <strong>freien Eintritt in unseren Ausstellungen<\/strong> (Villa Dessauer und Kesselhaus) sowie in allen dem <strong>AdKV angeschlossenen Vereinen<\/strong>.<br \/>\nSie erhalten <strong>Einladungen und Informationen durch unsere Rundbriefe<\/strong> zu allen <strong><a title=\"V e r g a n g e n e s\" href=\"https:\/\/kunstverein.advancedmagic.de\/index.php\/aktuelle-ausstellungen\/\">Ausstellungen<\/a><\/strong> und zu weiteren Veranstaltungen wie Vortr\u00e4gen, Reisen und Diskussionsrunden.<br \/>\nSie k\u00f6nnen <strong>zu g\u00fcnstigen Konditionen <a title=\"J a h r e s g a b e n\" href=\"https:\/\/kunstverein.advancedmagic.de\/index.php\/jahresgaben\/\">Jahresgaben<\/a><\/strong> erwerben, z.B. eine vom K\u00fcnstler signierte hochwertige Original-Druckgrafik (oft exklusiv nur im Kunstverein Bamberg erh\u00e4ltlich!).<\/p>\n<p>Wollen Sie sich dar\u00fcber hinaus aktiv in unsere Vereinsarbeit einbringen, stehen Ihnen viele M\u00f6glichkeiten offen:<\/p>\n<ul>\n<li>Ein Einstieg kann sein, dass Sie uns Ihre Zeit und Kraft spenden, indem Sie bei unserer <strong>Ausstellungsorganisation<\/strong> mitwirken. Sie k\u00f6nnen z.B. stundenweise <strong>Ausstellungsaufsichten<\/strong> \u00fcbernehmen, unsere K\u00fcnstler bei <strong>Transporten<\/strong> und dem <strong>Auf- und Abbau der Ausstellungen<\/strong> unterst\u00fctzen oder Sie k\u00f6nnen bei den <strong>Vernissagen und sonstigen Veranstaltungen des Vereins<\/strong> mithelfen.<\/li>\n<li>Wenn Sie sich f\u00fcr die <strong>\u00dcbernahme von Verantwortung<\/strong> in unserem Verein interessieren, k\u00f6nnen Sie jederzeit mit dem Vorstand in Kontakt treten. Alle zwei Jahre finden Vorstandswahlen statt, dort k\u00f6nnen Sie sich f\u00fcr den Beirat oder ein Amt bewerben. Gerade auch im Rahmen einer <strong>Nachfolgeplanung<\/strong> stehen Ihnen hier viele T\u00fcren offen.<\/li>\n<li>Haben Sie ein <strong>eigenes Projekt<\/strong>, das Sie umsetzen wollen und das f\u00fcr den Kunstverein interessant sein k\u00f6nnte? Sprechen Sie uns Aktive an, wir treffen uns gerne mit Ihnen, um dar\u00fcber zu sprechen.<\/li>\n<\/ul>\n<p>Wir laden jedes Jahr unsere <strong>Neumitglieder zu einem gegenseitigen Kennenlernen<\/strong> ein.<\/p>\n<p>Sie helfen uns ehrenamtlich Aktiven sehr, wenn Sie sich bei der Bezahlung des Mitgliedsbeitrags f\u00fcr ein <strong>SEPA-Lastschriftmandat<\/strong> entscheiden.<\/p>\n<p><strong>Wir freuen uns auf Sie!<\/strong><\/div>\n<div id=\"cc-m-13207897499\" class=\"j-module n j-spacing \">\n<div class=\"cc-m-spacer\"><\/div>\n<\/div>\n<\/div><\/div><\/div><\/div><\/div><\/div><\/section>\n","protected":false},"excerpt":{"rendered":"","protected":false},"author":1,"featured_media":0,"parent":0,"menu_order":0,"comment_status":"closed","ping_status":"closed","template":"","meta":{"footnotes":""},"class_list":["post-50","page","type-page","status-publish","hentry"],"_links":{"self":[{"href":"https:\/\/kunstverein-bamberg.de\/index.php\/wp-json\/wp\/v2\/pages\/50","targetHints":{"allow":["GET"]}}],"collection":[{"href":"https:\/\/kunstverein-bamberg.de\/index.php\/wp-json\/wp\/v2\/pages"}],"about":[{"href":"https:\/\/kunstverein-bamberg.de\/index.php\/wp-json\/wp\/v2\/types\/page"}],"author":[{"embeddable":true,"href":"https:\/\/kunstverein-bamberg.de\/index.php\/wp-json\/wp\/v2\/users\/1"}],"replies":[{"embeddable":true,"href":"https:\/\/kunstverein-bamberg.de\/index.php\/wp-json\/wp\/v2\/comments?post=50"}],"version-history":[{"count":10,"href":"https:\/\/kunstverein-bamberg.de\/index.php\/wp-json\/wp\/v2\/pages\/50\/revisions"}],"predecessor-version":[{"id":24367,"href":"https:\/\/kunstverein-bamberg.de\/index.php\/wp-json\/wp\/v2\/pages\/50\/revisions\/24367"}],"wp:attachment":[{"href":"https:\/\/kunstverein-bamberg.de\/index.php\/wp-json\/wp\/v2\/media?parent=50"}],"curies":[{"name":"wp","href":"https:\/\/api.w.org\/{rel}","templated":true}]}}