{"id":48,"date":"2025-07-27T15:23:16","date_gmt":"2025-07-27T13:23:16","guid":{"rendered":"https:\/\/kunstverein.advancedmagic.de\/?page_id=48"},"modified":"2025-09-22T22:45:42","modified_gmt":"2025-09-22T20:45:42","slug":"kunstverein-bamberg-geschichte-und-auftrag","status":"publish","type":"page","link":"https:\/\/kunstverein-bamberg.de\/index.php\/kunstverein-bamberg-geschichte-und-auftrag\/","title":{"rendered":"Kunstverein Bamberg &#8211; Geschichte und Auftrag"},"content":{"rendered":"<section class=\"l-section wpb_row height_medium\"><div class=\"l-section-h i-cf\"><div class=\"g-cols vc_row via_grid cols_1 laptops-cols_inherit tablets-cols_inherit mobiles-cols_1 valign_top type_default stacking_default\"><div class=\"wpb_column vc_column_container\"><div class=\"vc_column-inner\"><h3 class=\"w-text\"><span class=\"w-text-h\"><span class=\"w-text-value\">Kunstverein Bamberg &#8211; Geschichte und Auftrag<\/span><\/span><\/h3><div class=\"w-video us_custom_55cd093b align_none ratio_16x9 has_iframe\"><div class=\"w-video-h\"><iframe title=\"Youtube video player\" src=\"\/\/www.youtube.com\/embed\/ovwvu0KooYw?autoplay=0&controls=1&origin=https:\/\/kunstverein-bamberg.de&loop=0&mute=0\" allowfullscreen=\"1\" loading=\"lazy\"><\/iframe><\/div><\/div><div class=\"w-separator size_small\"><\/div><h3 class=\"w-text\"><span class=\"w-text-h\"><span class=\"w-text-value\">Vereinsgeschichte<\/span><\/span><\/h3><div class=\"wpb_text_column\"><div class=\"wpb_wrapper\"><p><strong>\u201eEs bildete sich in jener Zeit (um 1808) eine Art Kunstverein, der an Hoffmann, dem verlebten Direktor Marcus, dem zu fr\u00fch dahingeschiedenen Professor Klein, Professor Lichtenthaler, Kunz, Dr. Wei\u00dfe, Dr. Kupfer, sehr th\u00e4tige und einsichtsvolle Mitglieder besa\u00df, und auf das Urtheil des Publikums sehr g\u00fcnstig einwirkte&#8230;.\u201c<\/strong> (Dr. med. Friedrich Speyer, Assistent des Dr. Marcus, 1822 in: \u201eNotizen \u00fcber Hoffmanns Aufenthalt zu Bamberg\u201c)<\/p>\n<\/div><\/div><div class=\"w-separator size_small\"><\/div><div class=\"w-image us_custom_55cd093b align_none\"><div class=\"w-image-h\"><img decoding=\"async\" width=\"743\" height=\"742\" src=\"https:\/\/kunstverein-bamberg.de\/wp-content\/uploads\/2025\/08\/kunstverein_1822.jpg\" class=\"attachment-large size-large\" alt=\"\" loading=\"lazy\" srcset=\"https:\/\/kunstverein-bamberg.de\/wp-content\/uploads\/2025\/08\/kunstverein_1822.jpg 743w, https:\/\/kunstverein-bamberg.de\/wp-content\/uploads\/2025\/08\/kunstverein_1822-300x300.jpg 300w, https:\/\/kunstverein-bamberg.de\/wp-content\/uploads\/2025\/08\/kunstverein_1822-150x150.jpg 150w\" sizes=\"auto, (max-width: 743px) 100vw, 743px\" \/><\/div><\/div><div class=\"w-separator size_small\"><\/div><div class=\"wpb_text_column\"><div class=\"wpb_wrapper\"><div id=\"cc-m-13069873099\" class=\"j-module n j-text \">\n<p>Gegr\u00fcndet am 12.12.1823 z\u00e4hlt der Kunstverein Bamberg zu den \u00e4ltesten und traditionsreichsten Kultureinrichtungen Deutschlands. In einem Zirkel gleichgesinnter Freunde &#8211; lauter Pers\u00f6nlichkeiten unterschiedlicher sozialer Herkunft als Spiegelbild des aufstrebenden B\u00fcrgertums zu Beginn des 19. Jahrhunderts \u2013 traf man sich zu Gespr\u00e4chen \u00fcber Kunst, Literatur und Theater. Schon sehr bald zeigte sich, dass der Kunstverein das kulturelle Leben der Stadt bedeutsam mitgestaltete und \u00fcber den engen Zirkel hinaus auch Aufgaben in und f\u00fcr die \u00d6ffentlichkeit wahrnahm.<\/p>\n<p>Gut 100 Jahre sp\u00e4ter, 1932 fand eine umfassendere Neuorganisation statt: der 1921 begr\u00fcndete \u201eKunstgewerbeverein\u201c schloss sich dem Kunstverein an, ebenso der seit 1919 bestehende \u201eVerein f\u00fcr Graphische Kunst\u201c, der 1929 schon mit dem \u201eLiteraturverein\u201c zusammengegangen war. Bis 1969 lautete dann der offizielle Name \u201eVerein f\u00fcr Kunst, Literatur und Kunstgewerbe Bamberg\u201c.<\/p>\n<p>Unter dem langj\u00e4hrigen Vorsitzenden Hans Neubauer entwickelte sich der Kunstverein ab den 60er Jahren zu einer tragenden S\u00e4ule im Kulturgeschehen von Bamberg: Flexibilit\u00e4t und Vielseitigkeit zeigten sich u.a. im Engagement f\u00fcr die moderne Musik, bei Lesungen im Literarischen Caf\u00e9haus, bei Ausstellungen, die weit \u00fcber den regionalen Horizont hinausgingen. In der \u00c4ra Neubauer wurde auch der Grundstein zur Kunstvereins-Sammlung gelegt und der bis heute bestehende <a title=\"B e r g a n z a-P r e i s\" href=\"https:\/\/www.kunstverein-bamberg.de\/b-e-r-g-a-n-z-a-p-r-e-i-s\/\">Berganza-Preis<\/a> ins Leben gerufen.<\/div>\n<\/div><\/div><div class=\"w-separator size_small\"><\/div><div class=\"w-gallery fit_cover type_grid ratio_1x1 count_3\" style=\"--columns:4;--items-gap:10px;\"><div class=\"w-gallery-list\"><div class=\"w-gallery-item\"><div class=\"w-gallery-item-img\"><img loading=\"lazy\" decoding=\"async\" width=\"275\" height=\"400\" src=\"https:\/\/kunstverein-bamberg.de\/wp-content\/uploads\/2025\/09\/berganza-3.jpg\" class=\"attachment-large size-large\" alt=\"\" srcset=\"https:\/\/kunstverein-bamberg.de\/wp-content\/uploads\/2025\/09\/berganza-3.jpg 275w, https:\/\/kunstverein-bamberg.de\/wp-content\/uploads\/2025\/09\/berganza-3-206x300.jpg 206w\" sizes=\"auto, (max-width: 275px) 100vw, 275px\" \/><\/div><\/div><div class=\"w-gallery-item\"><div class=\"w-gallery-item-img\"><img loading=\"lazy\" decoding=\"async\" width=\"267\" height=\"400\" src=\"https:\/\/kunstverein-bamberg.de\/wp-content\/uploads\/2025\/09\/berganza-2.jpg\" class=\"attachment-large size-large\" alt=\"\" srcset=\"https:\/\/kunstverein-bamberg.de\/wp-content\/uploads\/2025\/09\/berganza-2.jpg 267w, https:\/\/kunstverein-bamberg.de\/wp-content\/uploads\/2025\/09\/berganza-2-200x300.jpg 200w\" sizes=\"auto, (max-width: 267px) 100vw, 267px\" \/><\/div><\/div><div class=\"w-gallery-item\"><div class=\"w-gallery-item-img\"><img loading=\"lazy\" decoding=\"async\" width=\"267\" height=\"400\" src=\"https:\/\/kunstverein-bamberg.de\/wp-content\/uploads\/2025\/09\/berganza-1.jpg\" class=\"attachment-large size-large\" alt=\"\" srcset=\"https:\/\/kunstverein-bamberg.de\/wp-content\/uploads\/2025\/09\/berganza-1.jpg 267w, https:\/\/kunstverein-bamberg.de\/wp-content\/uploads\/2025\/09\/berganza-1-200x300.jpg 200w\" sizes=\"auto, (max-width: 267px) 100vw, 267px\" \/><\/div><\/div><\/div><\/div><div class=\"w-text us_custom_10cde4aa\"><span class=\"w-text-h\"><span class=\"w-text-value\">Fotos: Der 2023 neu gestaltete Berganza-Preis der K\u00fcnstlerin Ulla Reiter<\/span><\/span><\/div><div class=\"w-separator size_small\"><\/div><div class=\"wpb_text_column\"><div class=\"wpb_wrapper\"><p>In den letzten Jahren konzentriert sich die Arbeit des Kunstvereins \u2013 bei einem zunehmend differenzierteren Kulturleben der Stadt insgesamt \u2013 auf die F\u00f6rderung zeitgen\u00f6ssischer bildender Kunst. Da Bamberg bisher weder \u00fcber ein Museum f\u00fcr zeitgen\u00f6ssische Kunst noch \u00fcber eine Kunsthalle verf\u00fcgt, bietet der Kunstverein mit zahlreichen Ausstellungen, Vortr\u00e4gen, K\u00fcnstlergespr\u00e4chen und Kunstfahrten ein breites Angebot, regionale und \u00fcberregionale Kunst unserer aktuellen Gegenwart begegnen zu k\u00f6nnen.<\/p>\n<\/div><\/div><div class=\"w-separator size_small\"><\/div><div class=\"w-video us_custom_55cd093b align_none ratio_16x9 has_iframe\"><div class=\"w-video-h\"><iframe title=\"Youtube video player\" src=\"\/\/www.youtube.com\/embed\/Mw2lOVvaxgQ?autoplay=0&controls=1&origin=https:\/\/kunstverein-bamberg.de&loop=0&mute=0\" allowfullscreen=\"1\" loading=\"lazy\"><\/iframe><\/div><\/div><div class=\"w-separator size_small\"><\/div><h3 class=\"w-text\"><span class=\"w-text-h\"><span class=\"w-text-value\">Der Verein heute<\/span><\/span><\/h3><div class=\"wpb_text_column\"><div class=\"wpb_wrapper\"><div id=\"cc-m-13069882599\" class=\"j-module n j-text \">\n<p>Wir sind ein rein ehrenamtlich organisierter und gemeinn\u00fctziger Kulturverein mit mehreren hundert Mitgliedern.<\/p>\n<p>Unsere Hauptaufgabe sehen wir in der Pr\u00e4sentation und Vermittlung zeitgen\u00f6ssischer, aktueller und junger Kunst.<\/p>\n<\/div>\n<div id=\"cc-m-13172934299\" class=\"j-module n j-text \">\n<p>Die Begegnung mit neuen Str\u00f6mungen, Tendenzen und individuellen k\u00fcnstlerischen Positionen ist uns wichtig. Dazu geh\u00f6rt auch die Pr\u00e4sentation herausragender etablierter K\u00fcnstlerinnen und K\u00fcnstler, gleichzeitig aber auch der Kontakt zu regionalen und \u00fcberregionalen K\u00fcnstlern.<\/p>\n<\/div>\n<\/div><\/div><div class=\"w-separator size_small\"><\/div><div class=\"w-image us_custom_55cd093b align_none\"><div class=\"w-image-h\"><img decoding=\"async\" width=\"960\" height=\"646\" src=\"https:\/\/kunstverein-bamberg.de\/wp-content\/uploads\/2025\/09\/wollfront.jpg\" class=\"attachment-large size-large\" alt=\"\" loading=\"lazy\" srcset=\"https:\/\/kunstverein-bamberg.de\/wp-content\/uploads\/2025\/09\/wollfront.jpg 960w, https:\/\/kunstverein-bamberg.de\/wp-content\/uploads\/2025\/09\/wollfront-300x202.jpg 300w\" sizes=\"auto, (max-width: 960px) 100vw, 960px\" \/><\/div><\/div><div class=\"w-text us_custom_10cde4aa\"><span class=\"w-text-h\"><span class=\"w-text-value\">Wollfront S. Giussani und Daniel Man &#8211; Foto \u00a9 G. Schl\u00f6tzer<\/span><\/span><\/div><div class=\"w-separator size_small\"><\/div><div class=\"wpb_text_column\"><div class=\"wpb_wrapper\"><p>Wir verstehen uns als Vermittler zwischen Kunst und Publikum und bem\u00fchen uns, das Bamberger Publikum sowie die G\u00e4ste der Stadt an zeitgen\u00f6ssische Kunst heranzuf\u00fchren und ihr Interesse daran zu wecken.<\/p>\n<\/div><\/div><div class=\"w-separator size_small\"><\/div><div class=\"w-image us_custom_55cd093b align_none\"><div class=\"w-image-h\"><img decoding=\"async\" width=\"600\" height=\"400\" src=\"https:\/\/kunstverein-bamberg.de\/wp-content\/uploads\/2025\/09\/vorstand2024.jpg\" class=\"attachment-large size-large\" alt=\"\" loading=\"lazy\" srcset=\"https:\/\/kunstverein-bamberg.de\/wp-content\/uploads\/2025\/09\/vorstand2024.jpg 600w, https:\/\/kunstverein-bamberg.de\/wp-content\/uploads\/2025\/09\/vorstand2024-300x200.jpg 300w\" sizes=\"auto, (max-width: 600px) 100vw, 600px\" \/><\/div><\/div><div class=\"w-text us_custom_10cde4aa\"><span class=\"w-text-h\"><span class=\"w-text-value\">Foto \u00a9 J\u00fcrgen Schabel<\/span><\/span><\/div><div class=\"w-separator size_small\"><\/div><div class=\"wpb_text_column\"><div class=\"wpb_wrapper\"><p>F\u00fcr alle, die an Kunst interessiert sind und Lust haben, sich auch auf Ungew\u00f6hnliches einzulassen, bietet der Kunstverein Bamberg Treffpunkt und Gespr\u00e4chsforum f\u00fcr alle Generationen. Wenn Sie sich f\u00fcr eine <strong>Mitgliedschaft<\/strong> bei uns interessieren, finden Sie <a title=\"Mitgliedschaft\" href=\"https:\/\/www.kunstverein-bamberg.de\/m-i-t-g-l-i-e-d-s-c-h-a-f-t\/\">hier alle Informationen<\/a> dazu.<\/p>\n<\/div><\/div><div class=\"w-separator size_small\"><\/div><div class=\"w-gallery fit_cover type_grid ratio_1x1 count_2\" style=\"--columns:4;--items-gap:10px;\"><div class=\"w-gallery-list\"><div class=\"w-gallery-item\"><div class=\"w-gallery-item-img\"><img loading=\"lazy\" decoding=\"async\" width=\"600\" height=\"400\" src=\"https:\/\/kunstverein-bamberg.de\/wp-content\/uploads\/2025\/09\/image-02.jpg\" class=\"attachment-large size-large\" alt=\"\" srcset=\"https:\/\/kunstverein-bamberg.de\/wp-content\/uploads\/2025\/09\/image-02.jpg 600w, https:\/\/kunstverein-bamberg.de\/wp-content\/uploads\/2025\/09\/image-02-300x200.jpg 300w\" sizes=\"auto, (max-width: 600px) 100vw, 600px\" \/><\/div><\/div><div class=\"w-gallery-item\"><div class=\"w-gallery-item-img\"><img loading=\"lazy\" decoding=\"async\" width=\"422\" height=\"400\" src=\"https:\/\/kunstverein-bamberg.de\/wp-content\/uploads\/2025\/09\/image-01.jpg\" class=\"attachment-large size-large\" alt=\"\" srcset=\"https:\/\/kunstverein-bamberg.de\/wp-content\/uploads\/2025\/09\/image-01.jpg 422w, https:\/\/kunstverein-bamberg.de\/wp-content\/uploads\/2025\/09\/image-01-300x284.jpg 300w\" sizes=\"auto, (max-width: 422px) 100vw, 422px\" \/><\/div><\/div><\/div><\/div><div class=\"w-text us_custom_10cde4aa\"><span class=\"w-text-h\"><span class=\"w-text-value\">Fotos \u00a9  Kunstverein und Gerhard Schl\u00f6tzer<\/span><\/span><\/div><div class=\"w-separator size_medium\"><\/div><h3 class=\"w-text\"><span class=\"w-text-h\"><span class=\"w-text-value\">Team<\/span><\/span><\/h3><div class=\"w-image us_custom_55cd093b align_none\"><div class=\"w-image-h\"><img decoding=\"async\" width=\"1024\" height=\"768\" src=\"https:\/\/kunstverein-bamberg.de\/wp-content\/uploads\/2025\/09\/team2025-1024x768.jpg\" class=\"attachment-large size-large\" alt=\"\" loading=\"lazy\" srcset=\"https:\/\/kunstverein-bamberg.de\/wp-content\/uploads\/2025\/09\/team2025-1024x768.jpg 1024w, https:\/\/kunstverein-bamberg.de\/wp-content\/uploads\/2025\/09\/team2025-300x225.jpg 300w, https:\/\/kunstverein-bamberg.de\/wp-content\/uploads\/2025\/09\/team2025.jpg 1280w\" sizes=\"auto, (max-width: 1024px) 100vw, 1024px\" \/><\/div><\/div><div class=\"w-text us_custom_10cde4aa\"><span class=\"w-text-h\"><span class=\"w-text-value\">Foto: Thomas Michel<\/span><\/span><\/div><div class=\"g-cols wpb_row via_grid cols_1 laptops-cols_inherit tablets-cols_inherit mobiles-cols_1 valign_top type_default stacking_default\" style=\"--columns-gap:3rem;\"><div class=\"wpb_column vc_column_container\"><div class=\"vc_column-inner\"><\/div><\/div><\/div><div class=\"g-cols wpb_row via_grid cols_1 laptops-cols_inherit tablets-cols_inherit mobiles-cols_1 valign_top type_default stacking_default\" style=\"--columns-gap:3rem;\"><div class=\"wpb_column vc_column_container\"><div class=\"vc_column-inner\"><div class=\"wpb_text_column\"><div class=\"wpb_wrapper\"><p>1. Vorsitzende: Sylvia Michel<br \/>\n2. Vorsitzende und Schriftf\u00fchrerin: Jasmine Wolf<br \/>\nSchatzmeister: Peter Fankh\u00e4nel<br \/>\nBeir\u00e4tInnen: Rosa Brunner, Malayka Erpen (nicht im Bild), Susann Kramer, Helga KrauseneckKassenpr\u00fcfer: Peter Schoppel (nicht im Bild)<\/p>\n<\/div><\/div><\/div><\/div><\/div><div class=\"w-separator size_small\"><\/div><h3 class=\"w-text\"><span class=\"w-text-h\"><span class=\"w-text-value\">Veranstaltungen<\/span><\/span><\/h3><div class=\"w-image us_custom_55cd093b align_none\"><div class=\"w-image-h\"><img decoding=\"async\" width=\"640\" height=\"414\" src=\"https:\/\/kunstverein-bamberg.de\/wp-content\/uploads\/2025\/09\/veranstaltungen.jpg\" class=\"attachment-large size-large\" alt=\"\" loading=\"lazy\" srcset=\"https:\/\/kunstverein-bamberg.de\/wp-content\/uploads\/2025\/09\/veranstaltungen.jpg 640w, https:\/\/kunstverein-bamberg.de\/wp-content\/uploads\/2025\/09\/veranstaltungen-300x194.jpg 300w\" sizes=\"auto, (max-width: 640px) 100vw, 640px\" \/><\/div><\/div><div class=\"w-text us_custom_10cde4aa\"><span class=\"w-text-h\"><span class=\"w-text-value\">Tobias Lehner &#8211; Vertigo &#8211; Kesselhaus<\/span><\/span><\/div><div class=\"w-separator size_small\"><\/div><div class=\"wpb_text_column\"><div class=\"wpb_wrapper\"><div id=\"cc-m-13069884099\" class=\"j-module n j-text \">\n<p>In st\u00e4ndig wechselnden <strong>Ausstellungen<\/strong> zeigen wir einen Querschnitt aus Malerei, Grafik, Plastik, Fotografie, Installation und Performance. <strong>Lesungen, Fachvortr\u00e4ge, K\u00fcnstlergespr\u00e4che und Kunstreisen<\/strong> runden unser Programm ab.J\u00e4hrlich vergeben wir den <a title=\"B e r g a n z a-P r e i s\" href=\"https:\/\/www.kunstverein-bamberg.de\/b-e-r-g-a-n-z-a-p-r-e-i-s\/\"><strong>Berganza-Preis<\/strong><\/a> an eine herausragende Pers\u00f6nlichkeit aus dem Bamberger Kulturleben.<br \/>\nEinen \u00dcberblick \u00fcber <strong>unser bisheriges Programm<\/strong> k\u00f6nnen Sie in unserem <a title=\"V e r g a n g e n e s\" href=\"\/index.php\/archiv\">Veranstaltungsarchiv<\/a> gewinnen.<\/div>\n<\/div><\/div><div class=\"w-separator size_small\"><\/div><h3 class=\"w-text\"><span class=\"w-text-h\"><span class=\"w-text-value\">Orte<\/span><\/span><\/h3><div class=\"w-gallery us_custom_e2377960 fit_cover type_metro_3 ratio_1x1 count_5\" style=\"--columns:4;--items-gap:10px;\"><div class=\"w-gallery-list\"><div class=\"w-gallery-item\"><div class=\"w-gallery-item-img\"><img loading=\"lazy\" decoding=\"async\" width=\"773\" height=\"1024\" src=\"https:\/\/kunstverein-bamberg.de\/wp-content\/uploads\/2025\/09\/villa-dessauer-treppenhaus-773x1024.jpg\" class=\"attachment-large size-large\" alt=\"\" srcset=\"https:\/\/kunstverein-bamberg.de\/wp-content\/uploads\/2025\/09\/villa-dessauer-treppenhaus-773x1024.jpg 773w, https:\/\/kunstverein-bamberg.de\/wp-content\/uploads\/2025\/09\/villa-dessauer-treppenhaus-226x300.jpg 226w, https:\/\/kunstverein-bamberg.de\/wp-content\/uploads\/2025\/09\/villa-dessauer-treppenhaus.jpg 1404w\" sizes=\"auto, (max-width: 773px) 100vw, 773px\" \/><\/div><\/div><div class=\"w-gallery-item\"><div class=\"w-gallery-item-img\"><img loading=\"lazy\" decoding=\"async\" width=\"766\" height=\"1024\" src=\"https:\/\/kunstverein-bamberg.de\/wp-content\/uploads\/2025\/09\/villa-dessauer-erker-766x1024.jpg\" class=\"attachment-large size-large\" alt=\"\" srcset=\"https:\/\/kunstverein-bamberg.de\/wp-content\/uploads\/2025\/09\/villa-dessauer-erker-766x1024.jpg 766w, https:\/\/kunstverein-bamberg.de\/wp-content\/uploads\/2025\/09\/villa-dessauer-erker-224x300.jpg 224w, https:\/\/kunstverein-bamberg.de\/wp-content\/uploads\/2025\/09\/villa-dessauer-erker.jpg 1395w\" sizes=\"auto, (max-width: 766px) 100vw, 766px\" \/><\/div><\/div><div class=\"w-gallery-item\"><div class=\"w-gallery-item-img\"><img loading=\"lazy\" decoding=\"async\" width=\"1024\" height=\"680\" src=\"https:\/\/kunstverein-bamberg.de\/wp-content\/uploads\/2025\/09\/unterebrucke-1024x680.jpg\" class=\"attachment-large size-large\" alt=\"\" srcset=\"https:\/\/kunstverein-bamberg.de\/wp-content\/uploads\/2025\/09\/unterebrucke-1024x680.jpg 1024w, https:\/\/kunstverein-bamberg.de\/wp-content\/uploads\/2025\/09\/unterebrucke-300x199.jpg 300w\" sizes=\"auto, (max-width: 1024px) 100vw, 1024px\" \/><\/div><\/div><div class=\"w-gallery-item\"><div class=\"w-gallery-item-img\"><img loading=\"lazy\" decoding=\"async\" width=\"1024\" height=\"704\" src=\"https:\/\/kunstverein-bamberg.de\/wp-content\/uploads\/2025\/09\/projektraum-1024x704.jpg\" class=\"attachment-large size-large\" alt=\"\" srcset=\"https:\/\/kunstverein-bamberg.de\/wp-content\/uploads\/2025\/09\/projektraum-1024x704.jpg 1024w, https:\/\/kunstverein-bamberg.de\/wp-content\/uploads\/2025\/09\/projektraum-300x206.jpg 300w\" sizes=\"auto, (max-width: 1024px) 100vw, 1024px\" \/><\/div><\/div><div class=\"w-gallery-item\"><div class=\"w-gallery-item-img\"><img loading=\"lazy\" decoding=\"async\" width=\"1024\" height=\"763\" src=\"https:\/\/kunstverein-bamberg.de\/wp-content\/uploads\/2025\/09\/kesselhaus-ausen-1024x763.jpg\" class=\"attachment-large size-large\" alt=\"\" srcset=\"https:\/\/kunstverein-bamberg.de\/wp-content\/uploads\/2025\/09\/kesselhaus-ausen-1024x763.jpg 1024w, https:\/\/kunstverein-bamberg.de\/wp-content\/uploads\/2025\/09\/kesselhaus-ausen-300x224.jpg 300w\" sizes=\"auto, (max-width: 1024px) 100vw, 1024px\" \/><\/div><\/div><\/div><\/div><div class=\"w-separator size_small\"><\/div><div class=\"wpb_text_column\"><div class=\"wpb_wrapper\"><div id=\"cc-m-13069884199\" class=\"j-module n j-text \">\n<p>Der Kunstverein verf\u00fcgt \u00fcber keine eigenen Ausstellungsr\u00e4umlichkeiten. Unsere Ausstellungen sind in der <strong><a title=\"https:\/\/museum.bamberg.de\/villa-dessauer\/\" href=\"https:\/\/museum.bamberg.de\/villa-dessauer\/\" target=\"_blank\" rel=\"noopener\">Stadtgalerie Villa Dessauer<\/a><\/strong> in der <a title=\"https:\/\/www.google.com\/maps\/place\/Stadtgalerie+Bamberg+in+der+Villa+Dessauer+I+Museen+der+Stadt+Bamberg\/@49.8907705,10.892735,15z\/data=!4m2!3m1!1s0x0:0xa13c87489dd0f9fd?sa=X&amp;ved=2ahUKEwiQg5-JvN78AhWQhf0HHV1ZDcQQ_BJ6BAhLEAg\" href=\"https:\/\/www.google.com\/maps\/place\/Stadtgalerie+Bamberg+in+der+Villa+Dessauer+I+Museen+der+Stadt+Bamberg\/@49.8907705,10.892735,15z\/data=!4m2!3m1!1s0x0:0xa13c87489dd0f9fd?sa=X&amp;ved=2ahUKEwiQg5-JvN78AhWQhf0HHV1ZDcQQ_BJ6BAhLEAg\" target=\"_blank\" rel=\"noopener\"> Hainstra\u00dfe 4a,<\/a> im <strong><a title=\"https:\/\/kunstraum-jetzt.de\/\" href=\"https:\/\/kunstraum-jetzt.de\/\" target=\"_blank\" rel=\"noopener\">Kunstraum Kesselhaus<\/a><\/strong> in der <a title=\"https:\/\/www.google.com\/maps\/place\/Kunstraum+Kesselhaus\/@49.8964903,10.8768946,15z\/data=!4m2!3m1!1s0x0:0x77a71ca0ce90f73c?sa=X&amp;ved=2ahUKEwiI-bqdvN78AhVggf0HHViYAykQ_BJ6BAhuEAg\" href=\"https:\/\/www.google.com\/maps\/place\/Kunstraum+Kesselhaus\/@49.8964903,10.8768946,15z\/data=!4m2!3m1!1s0x0:0x77a71ca0ce90f73c?sa=X&amp;ved=2ahUKEwiI-bqdvN78AhVggf0HHViYAykQ_BJ6BAhuEAg\" target=\"_blank\" rel=\"noopener\">Unteren Sandstr. 42<\/a> und manchmal auch im <strong>\u00f6ffentlichen Raum<\/strong> zu sehen.Zus\u00e4tzlich teilen wir uns eine <a title=\"https:\/\/www.google.com\/maps\/place\/Kunstverein+Bamberg+e.V.\/@49.8908146,10.8942961,15z\/data=!4m2!3m1!1s0x0:0xc2fc319124091322?sa=X&amp;ved=2ahUKEwj9tcL4u978AhVTgv0HHZ84DOAQ_BJ6BAhyEAk\" href=\"https:\/\/www.google.com\/maps\/place\/Kunstverein+Bamberg+e.V.\/@49.8908146,10.8942961,15z\/data=!4m2!3m1!1s0x0:0xc2fc319124091322?sa=X&amp;ved=2ahUKEwj9tcL4u978AhVTgv0HHZ84DOAQ_BJ6BAhyEAk\" target=\"_blank\" rel=\"noopener\"><strong>Gesch\u00e4ftsstelle<\/strong> in der Sch\u00fctzenstr. 4<\/a> mit dem <em>Berufsverband der Bildenden K\u00fcnstlerinnen und K\u00fcnstler Oberfranken<\/em>. Auch hier finden immer wieder Schaufensterausstellungen statt.<\/div>\n<\/div><\/div><\/div><\/div><\/div><\/div><\/section>\n","protected":false},"excerpt":{"rendered":"","protected":false},"author":1,"featured_media":0,"parent":0,"menu_order":0,"comment_status":"closed","ping_status":"closed","template":"","meta":{"footnotes":""},"class_list":["post-48","page","type-page","status-publish","hentry"],"_links":{"self":[{"href":"https:\/\/kunstverein-bamberg.de\/index.php\/wp-json\/wp\/v2\/pages\/48","targetHints":{"allow":["GET"]}}],"collection":[{"href":"https:\/\/kunstverein-bamberg.de\/index.php\/wp-json\/wp\/v2\/pages"}],"about":[{"href":"https:\/\/kunstverein-bamberg.de\/index.php\/wp-json\/wp\/v2\/types\/page"}],"author":[{"embeddable":true,"href":"https:\/\/kunstverein-bamberg.de\/index.php\/wp-json\/wp\/v2\/users\/1"}],"replies":[{"embeddable":true,"href":"https:\/\/kunstverein-bamberg.de\/index.php\/wp-json\/wp\/v2\/comments?post=48"}],"version-history":[{"count":8,"href":"https:\/\/kunstverein-bamberg.de\/index.php\/wp-json\/wp\/v2\/pages\/48\/revisions"}],"predecessor-version":[{"id":25028,"href":"https:\/\/kunstverein-bamberg.de\/index.php\/wp-json\/wp\/v2\/pages\/48\/revisions\/25028"}],"wp:attachment":[{"href":"https:\/\/kunstverein-bamberg.de\/index.php\/wp-json\/wp\/v2\/media?parent=48"}],"curies":[{"name":"wp","href":"https:\/\/api.w.org\/{rel}","templated":true}]}}