{"id":24753,"date":"2025-09-08T21:23:56","date_gmt":"2025-09-08T19:23:56","guid":{"rendered":"https:\/\/kunstverein.advancedmagic.de\/?page_id=24753"},"modified":"2026-02-03T12:06:07","modified_gmt":"2026-02-03T11:06:07","slug":"archiv","status":"publish","type":"page","link":"https:\/\/kunstverein-bamberg.de\/index.php\/archiv\/","title":{"rendered":"Archiv"},"content":{"rendered":"<section class=\"l-section wpb_row height_medium\"><div class=\"l-section-h i-cf\"><div class=\"g-cols vc_row via_grid cols_1 laptops-cols_inherit tablets-cols_inherit mobiles-cols_1 valign_top type_default stacking_default\"><div class=\"wpb_column vc_column_container\"><div class=\"vc_column-inner\"><div class=\"w-grid us_grid type_grid layout_24168 cols_1 pagination_regular preload_style_spinner\" id=\"us_grid_1\" style=\"--columns:1;--gap:1.5rem;\" data-filterable=\"true\"><style>.layout_24168 .w-grid-item-h{}<\/style><div class=\"w-grid-list\">\t<article class=\"w-grid-item size_1x1 post-23989 post type-post status-publish format-standard hentry category-17 category-archiv\" data-id=\"23989\">\r\n\t\t<div class=\"w-grid-item-h\">\r\n\t\t\t\t\t\t<h2 class=\"w-post-elm post_title usg_post_title_1 entry-title color_link_inherit\"><a href=\"https:\/\/kunstverein-bamberg.de\/index.php\/2025\/12\/05\/heike-baranowsky\/\">Heike Baranowsky<\/a><\/h2><div class=\"w-post-elm post_content usg_post_content_1 with_collapsible_content\" data-content-height=\"100px\"><div>Der Kunstverein Bamberg e. V. zeigt eine \u00dcbersichtsausstellung mit Arbeiten aus Heike Baranowskys Werk der letzten 30 Jahre \u2013 darunter Videos, Skulpturen und Cyanotypien. Baranowsky lebt in Berlin und ist Professorin f\u00fcr Freie Kunst in N\u00fcrnberg. Sie studierte Bildhauerei an der AdBK M\u00fcnchen, der HFBK Hamburg und der UdK Berlin sowie Fotografie am RCA London. Ihr Werk bewegt sich zwischen dokumentarischer Beobachtung und poetischer Konstruktion von Wirklichkeit. Mittels Video untersucht sie Zeit, Raum und Bewegung und macht auch unsichtbare&hellip;<\/div><div class=\"toggle-links align_none\"><button class=\"collapsible-content-more\">mehr anzeigen<\/button><button class=\"collapsible-content-less\">weniger anzeigen<\/button><\/div><\/div>\t\t<\/div>\r\n\t\t\t<\/article>\r\n\t<article class=\"w-grid-item size_1x1 post-25033 post type-post status-publish format-standard hentry category-17 category-archiv\" data-id=\"25033\">\r\n\t\t<div class=\"w-grid-item-h\">\r\n\t\t\t\t\t\t<h2 class=\"w-post-elm post_title usg_post_title_1 entry-title color_link_inherit\"><a href=\"https:\/\/kunstverein-bamberg.de\/index.php\/2025\/09\/23\/conditio-humana-begleitprogramm-26-28-9-2025\/\">CONDITIO HUMANA Begleitprogramm 26. &#8211; 28. 9. 2025<\/a><\/h2><div class=\"w-post-elm post_content usg_post_content_1 with_collapsible_content\" data-content-height=\"100px\"><div>Kunst Raum Vision \u2013 3 Tage Inspiration in Oberfranken \/ 26.\u201328.09.2025 Samstag, 27. September 2025, ab 16.30 Uhr Station Bamberg: Ausstellung \u201eConditio Humana\u201c Kooperation Bayerische Akademie der Sch\u00f6nen K\u00fcnste M\u00fcnchen mit Kunstverein Bamberg &amp; Architekturtreff Zum Auftakt f\u00fchrt Sie Sylvia Michel gemeinsam mit Christoph Gatz durch die Ausstellung und den Kunstraum Kesselhaus. Im Anschluss erwartet Sie eine ausdrucksstarke Tanzperformance mit Johannes H\u00e4rtl und dem Ensemble Circle Humana aus M\u00fcnchen \u2013 ein sinnliches Erlebnis zwischen Bildender Kunst und zeitgen\u00f6ssischem Tanz. 26.09.&hellip;<\/div><div class=\"toggle-links align_none\"><button class=\"collapsible-content-more\">mehr anzeigen<\/button><button class=\"collapsible-content-less\">weniger anzeigen<\/button><\/div><\/div>\t\t<\/div>\r\n\t\t\t<\/article>\r\n\t<article class=\"w-grid-item size_1x1 post-25005 post type-post status-publish format-standard hentry category-17 category-archiv\" data-id=\"25005\">\r\n\t\t<div class=\"w-grid-item-h\">\r\n\t\t\t\t\t\t<h2 class=\"w-post-elm post_title usg_post_title_1 entry-title color_link_inherit\"><a href=\"https:\/\/kunstverein-bamberg.de\/index.php\/2025\/09\/12\/conditio-humana-begleitprogramm\/\">CONDITIO HUMANA Begleitprogramm<\/a><\/h2><div class=\"w-post-elm post_content usg_post_content_1 with_collapsible_content\" data-content-height=\"100px\"><div>Kunstraum Kesselhaus Bamberg 21. 9. &#8211; 2. 11. 2025Performance mit Markus Gertken &#8211; Unter den Teppich gekehrt \u2013 Worte unter HausarrestSamstag, 20. September 2025, Vernissage um 19 UhrIn einer kafkaesken Performance bringt Markus Gertken Verdr\u00e4ngtes, Zensiertes und Unausgesprochenes mit roher Pr\u00e4senz auf die B\u00fchne. Besucher:innen konnten zuvor partizipativ anonym S\u00e4tze und Gedanken in eine Blackbox einwerfen, die ungefiltert vorgetragen werden \u2013 und Teil der Ausstellung werden. Kunst Raum Vision \u2013 3 Tage Inspiration in Oberfranken \/ 26.\u201328.09.2025Samstag, 27. September 2025,&hellip;<\/div><div class=\"toggle-links align_none\"><button class=\"collapsible-content-more\">mehr anzeigen<\/button><button class=\"collapsible-content-less\">weniger anzeigen<\/button><\/div><\/div>\t\t<\/div>\r\n\t\t\t<\/article>\r\n\t<article class=\"w-grid-item size_1x1 post-23947 post type-post status-publish format-standard has-post-thumbnail hentry category-17 category-archiv\" data-id=\"23947\">\r\n\t\t<div class=\"w-grid-item-h\">\r\n\t\t\t\t\t\t<h2 class=\"w-post-elm post_title usg_post_title_1 entry-title color_link_inherit\"><a href=\"https:\/\/kunstverein-bamberg.de\/index.php\/2025\/08\/09\/conditio-humana\/\">CONDITIO HUMANA<\/a><\/h2><div class=\"w-post-elm post_image usg_post_image_1\"><a href=\"https:\/\/kunstverein-bamberg.de\/index.php\/2025\/08\/09\/conditio-humana\/\" aria-label=\"CONDITIO HUMANA\"><img loading=\"lazy\" decoding=\"async\" width=\"213\" height=\"300\" src=\"https:\/\/kunstverein-bamberg.de\/wp-content\/uploads\/2025\/08\/conditiohumana-plakat-213x300.jpg\" class=\"attachment-medium size-medium wp-post-image\" alt=\"\" srcset=\"https:\/\/kunstverein-bamberg.de\/wp-content\/uploads\/2025\/08\/conditiohumana-plakat-213x300.jpg 213w, https:\/\/kunstverein-bamberg.de\/wp-content\/uploads\/2025\/08\/conditiohumana-plakat-729x1024.jpg 729w, https:\/\/kunstverein-bamberg.de\/wp-content\/uploads\/2025\/08\/conditiohumana-plakat.jpg 1080w\" sizes=\"auto, (max-width: 213px) 100vw, 213px\" \/><\/a><\/div><div class=\"w-post-elm post_content usg_post_content_1 with_collapsible_content\" data-content-height=\"100px\"><div>Die Ausstellung Conditio Humana &#8211; Wahrheitsgewebe &#8211; L\u00fcgengewebe im Kunstraum Kesselhaus widmet sich zentralen Fragen menschlicher Existenz, inspiriert von Hannah Arendts philosophischem Begriff der Conditio Humana, der die Bedingungen und Herausforderungen des Menschseins beleuchtet. Im Fokus stehen demokratische Werte wie Freiheit, Wahrheit und Menschenrechte, die heute durch totalit\u00e4re Systeme und gesellschaftliche Umbr\u00fcche zunehmend gef\u00e4hrdet sind.<\/div><div class=\"toggle-links align_none\"><button class=\"collapsible-content-more\">mehr anzeigen<\/button><button class=\"collapsible-content-less\">weniger anzeigen<\/button><\/div><\/div>\t\t<\/div>\r\n\t\t\t<\/article>\r\n\t<article class=\"w-grid-item size_1x1 post-24393 post type-post status-publish format-standard has-post-thumbnail hentry category-17 category-archiv\" data-id=\"24393\">\r\n\t\t<div class=\"w-grid-item-h\">\r\n\t\t\t\t\t\t<h2 class=\"w-post-elm post_title usg_post_title_1 entry-title color_link_inherit\"><a href=\"https:\/\/kunstverein-bamberg.de\/index.php\/2025\/06\/27\/lucke\/\">L\u00a8UCKE<\/a><\/h2><div class=\"w-post-elm post_image usg_post_image_1\"><a href=\"https:\/\/kunstverein-bamberg.de\/index.php\/2025\/06\/27\/lucke\/\" aria-label=\"L\u00a8UCKE\"><img loading=\"lazy\" decoding=\"async\" width=\"203\" height=\"300\" src=\"https:\/\/kunstverein-bamberg.de\/wp-content\/uploads\/2025\/07\/luecke-203x300.jpg\" class=\"attachment-medium size-medium wp-post-image\" alt=\"\" srcset=\"https:\/\/kunstverein-bamberg.de\/wp-content\/uploads\/2025\/07\/luecke-203x300.jpg 203w, https:\/\/kunstverein-bamberg.de\/wp-content\/uploads\/2025\/07\/luecke.jpg 270w\" sizes=\"auto, (max-width: 203px) 100vw, 203px\" \/><\/a><\/div><div class=\"w-post-elm post_content usg_post_content_1 with_collapsible_content\" data-content-height=\"100px\"><div>Das Bamberger Ausstellungs- und Erfahrungsprojekt L\u00dcCKE ist eine Einladung, auf die Freir\u00e4ume, Risse und Nischen in unserer Lebenswelt zu achten und wahrzunehmen, was sich darin finden l\u00e4sst und was darin passiert. Es ist auch eine Einladung, sich in den L\u00fccken zu begegnen und sich auf neue Perspektiven, neue Sichtweisen einzulassen und die eigene Echokammer zu verlassen. Das Bamberger Kesselhaus ist in diesem Sinne DER L\u00fcckenraum schlechthin. Mit seiner gewaltigen L\u00fccke im Zentrum des Raumes, aber auch mit seinen vielen&hellip;<\/div><div class=\"toggle-links align_none\"><button class=\"collapsible-content-more\">mehr anzeigen<\/button><button class=\"collapsible-content-less\">weniger anzeigen<\/button><\/div><\/div>\t\t<\/div>\r\n\t\t\t<\/article>\r\n\t<article class=\"w-grid-item size_1x1 post-24204 post type-post status-publish format-standard has-post-thumbnail hentry category-17 category-archiv\" data-id=\"24204\">\r\n\t\t<div class=\"w-grid-item-h\">\r\n\t\t\t\t\t\t<h2 class=\"w-post-elm post_title usg_post_title_1 entry-title color_link_inherit\"><a href=\"https:\/\/kunstverein-bamberg.de\/index.php\/2025\/04\/13\/mit-dem-geist-des-konkreten-eugen-gomringer-und-friedrich-vordemberge-gildewart\/\">&#8222;Mit dem Geist des Konkreten&#8220; &#8211; Eugen Gomringer und Friedrich Vordemberge-Gildewart<\/a><\/h2><div class=\"w-post-elm post_image usg_post_image_1\"><a href=\"https:\/\/kunstverein-bamberg.de\/index.php\/2025\/04\/13\/mit-dem-geist-des-konkreten-eugen-gomringer-und-friedrich-vordemberge-gildewart\/\" aria-label=\"&#8222;Mit dem Geist des Konkreten&#8220; &#8211; Eugen Gomringer und Friedrich Vordemberge-Gildewart\"><img loading=\"lazy\" decoding=\"async\" width=\"300\" height=\"200\" src=\"https:\/\/kunstverein-bamberg.de\/wp-content\/uploads\/2025\/09\/eugen_gomringer-300x200.jpg\" class=\"attachment-medium size-medium wp-post-image\" alt=\"\" srcset=\"https:\/\/kunstverein-bamberg.de\/wp-content\/uploads\/2025\/09\/eugen_gomringer-300x200.jpg 300w, https:\/\/kunstverein-bamberg.de\/wp-content\/uploads\/2025\/09\/eugen_gomringer.jpg 640w\" sizes=\"auto, (max-width: 300px) 100vw, 300px\" \/><\/a><\/div><div class=\"w-post-elm post_content usg_post_content_1 with_collapsible_content\" data-content-height=\"100px\"><div>Der Dichter Eugen Gomringer und \u201eVater\u201c der konkreten poesie, einer experimentellen Form der Poesie und damit eine der wenigen Genreerfindungen seit dem 2. Weltkrieg im deutschsprachigen Raum, wurde im Januar 2025 runde 100 Jahre alt. Wir gestalten zu Ehren des polyglotten Kunstvermittlers, Sammlers und Begr\u00fcnders des ehemaligen IKKP in Rehau\/Ofr., eine Matinee und zeigen einen Dokumentarfilm (2023, 43 Min) von Ralph Goertz und Prof. Dr Stefan L\u00fcddemann und die Bamberg Premiere von Nora Gomringers Kurzfilm \u201edas kleine gelbe quadrat\u201c&hellip;<\/div><div class=\"toggle-links align_none\"><button class=\"collapsible-content-more\">mehr anzeigen<\/button><button class=\"collapsible-content-less\">weniger anzeigen<\/button><\/div><\/div>\t\t<\/div>\r\n\t\t\t<\/article>\r\n\t<article class=\"w-grid-item size_1x1 post-24186 post type-post status-publish format-standard has-post-thumbnail hentry category-17 category-archiv\" data-id=\"24186\">\r\n\t\t<div class=\"w-grid-item-h\">\r\n\t\t\t\t\t\t<h2 class=\"w-post-elm post_title usg_post_title_1 entry-title color_link_inherit\"><a href=\"https:\/\/kunstverein-bamberg.de\/index.php\/2025\/04\/11\/mitgliederversammlung-und-neuwahl-des-vorstands\/\">Mitgliederversammlung und Neuwahl des Vorstands<\/a><\/h2><div class=\"w-post-elm post_image usg_post_image_1\"><a href=\"https:\/\/kunstverein-bamberg.de\/index.php\/2025\/04\/11\/mitgliederversammlung-und-neuwahl-des-vorstands\/\" aria-label=\"Mitgliederversammlung und Neuwahl des Vorstands\"><img loading=\"lazy\" decoding=\"async\" width=\"300\" height=\"297\" src=\"https:\/\/kunstverein-bamberg.de\/wp-content\/uploads\/2025\/09\/2025mitgliederversammlung-300x297.jpg\" class=\"attachment-medium size-medium wp-post-image\" alt=\"\" srcset=\"https:\/\/kunstverein-bamberg.de\/wp-content\/uploads\/2025\/09\/2025mitgliederversammlung-300x297.jpg 300w, https:\/\/kunstverein-bamberg.de\/wp-content\/uploads\/2025\/09\/2025mitgliederversammlung-150x150.jpg 150w, https:\/\/kunstverein-bamberg.de\/wp-content\/uploads\/2025\/09\/2025mitgliederversammlung.jpg 960w\" sizes=\"auto, (max-width: 300px) 100vw, 300px\" \/><\/a><\/div><div class=\"w-post-elm post_content usg_post_content_1 with_collapsible_content\" data-content-height=\"100px\"><div>Zeit f\u00fcr einen Wechsel! Nach 15 Jahren endet die Vorstandsschaft von Barbara Kahle, ebenso wie die der Schriftf\u00fchrerin Maren Jensen &#8211; 11 Jahre dabei &#8211; und des Kassenwarts J\u00fcrgen Wilhelm &#8211; 9 Jahre dabei. Wir feiern Abschied und Neubeginn bei H\u00e4ppchen und Getr\u00e4nken, f\u00fcr Musik sorgt Malayka Erpen.<\/div><div class=\"toggle-links align_none\"><button class=\"collapsible-content-more\">mehr anzeigen<\/button><button class=\"collapsible-content-less\">weniger anzeigen<\/button><\/div><\/div>\t\t<\/div>\r\n\t\t\t<\/article>\r\n\t<article class=\"w-grid-item size_1x1 post-24200 post type-post status-publish format-standard hentry category-17 category-archiv\" data-id=\"24200\">\r\n\t\t<div class=\"w-grid-item-h\">\r\n\t\t\t\t\t\t<h2 class=\"w-post-elm post_title usg_post_title_1 entry-title color_link_inherit\"><a href=\"https:\/\/kunstverein-bamberg.de\/index.php\/2025\/04\/03\/die-negative-lust-beim-betrachten-alter-weiser-manner-uber-gerhard-richters-48-portraits\/\">&#8222;Die negative Lust beim Betrachten alter wei\u00dfer M\u00e4nner&#8220;. \u00dcber Gerhard Richters 48 Portraits<\/a><\/h2><div class=\"w-post-elm post_content usg_post_content_1 with_collapsible_content\" data-content-height=\"100px\"><div>Ein Vortrag von Prof. Wolfgang Brassat, seit 2006 Inhaber des Lehrstuhls f\u00fcr Kunstgeschichte, insbesondere neuere und neueste Kunstgeschichte der Universit\u00e4t Bamberg.<\/div><div class=\"toggle-links align_none\"><button class=\"collapsible-content-more\">mehr anzeigen<\/button><button class=\"collapsible-content-less\">weniger anzeigen<\/button><\/div><\/div>\t\t<\/div>\r\n\t\t\t<\/article>\r\n\t<article class=\"w-grid-item size_1x1 post-24047 post type-post status-publish format-standard has-post-thumbnail hentry category-17 category-archiv\" data-id=\"24047\">\r\n\t\t<div class=\"w-grid-item-h\">\r\n\t\t\t\t\t\t<h2 class=\"w-post-elm post_title usg_post_title_1 entry-title color_link_inherit\"><a href=\"https:\/\/kunstverein-bamberg.de\/index.php\/2025\/03\/15\/24047\/\">Tanja Rochelmeyer &#8222;Hide and Seek&#8220;<\/a><\/h2><div class=\"w-post-elm post_image usg_post_image_1\"><a href=\"https:\/\/kunstverein-bamberg.de\/index.php\/2025\/03\/15\/24047\/\" aria-label=\"Tanja Rochelmeyer &#8222;Hide and Seek&#8220;\"><img loading=\"lazy\" decoding=\"async\" width=\"225\" height=\"300\" src=\"https:\/\/kunstverein-bamberg.de\/wp-content\/uploads\/2025\/08\/image1-225x300.jpg\" class=\"attachment-medium size-medium wp-post-image\" alt=\"\" srcset=\"https:\/\/kunstverein-bamberg.de\/wp-content\/uploads\/2025\/08\/image1-225x300.jpg 225w, https:\/\/kunstverein-bamberg.de\/wp-content\/uploads\/2025\/08\/image1.jpg 300w\" sizes=\"auto, (max-width: 225px) 100vw, 225px\" \/><\/a><\/div><div class=\"w-post-elm post_content usg_post_content_1 with_collapsible_content\" data-content-height=\"100px\"><div>Tanja Rochelmeyer bewegt sich mit ihren dynamischen, formal hochpr\u00e4zise umgesetzten Kompositionen im weiten Feld geometrisch abstrakter, virtuell-r\u00e4umlicher Malerei und hat hier ihre ganz eigene k\u00fcnstlerische Sprache gefunden. Inspiriert von Architekturbildern entstehen die vision\u00e4ren R\u00e4ume in der Vorstellung der K\u00fcnstlerin, bevor sie im n\u00e4chsten Schritt im Computer als Dokument angelegt werden. In der malerischen Umsetzung, die auf technische Perfektion setzt, nur ganz selten etwa Pinselstriche mit Farbverl\u00e4ufen zul\u00e4sst, klingt ihre Ausbildung als Ingenieurin nach.<\/div><div class=\"toggle-links align_none\"><button class=\"collapsible-content-more\">mehr anzeigen<\/button><button class=\"collapsible-content-less\">weniger anzeigen<\/button><\/div><\/div>\t\t<\/div>\r\n\t\t\t<\/article>\r\n\t<article class=\"w-grid-item size_1x1 post-24241 post type-post status-publish format-standard has-post-thumbnail hentry category-19 category-archiv\" data-id=\"24241\">\r\n\t\t<div class=\"w-grid-item-h\">\r\n\t\t\t\t\t\t<h2 class=\"w-post-elm post_title usg_post_title_1 entry-title color_link_inherit\"><a href=\"https:\/\/kunstverein-bamberg.de\/index.php\/2024\/12\/14\/winterfest\/\">Winterfest<\/a><\/h2><div class=\"w-post-elm post_image usg_post_image_1\"><a href=\"https:\/\/kunstverein-bamberg.de\/index.php\/2024\/12\/14\/winterfest\/\" aria-label=\"Winterfest\"><img loading=\"lazy\" decoding=\"async\" width=\"300\" height=\"300\" src=\"https:\/\/kunstverein-bamberg.de\/wp-content\/uploads\/2025\/09\/winterfest-1-300x300.jpg\" class=\"attachment-medium size-medium wp-post-image\" alt=\"\" srcset=\"https:\/\/kunstverein-bamberg.de\/wp-content\/uploads\/2025\/09\/winterfest-1-300x300.jpg 300w, https:\/\/kunstverein-bamberg.de\/wp-content\/uploads\/2025\/09\/winterfest-1-150x150.jpg 150w, https:\/\/kunstverein-bamberg.de\/wp-content\/uploads\/2025\/09\/winterfest-1.jpg 400w\" sizes=\"auto, (max-width: 300px) 100vw, 300px\" \/><\/a><\/div><div class=\"w-post-elm post_content usg_post_content_1 with_collapsible_content\" data-content-height=\"100px\"><div>Winterfest und Jahresgaben am 14. Dezember 2024<\/div><div class=\"toggle-links align_none\"><button class=\"collapsible-content-more\">mehr anzeigen<\/button><button class=\"collapsible-content-less\">weniger anzeigen<\/button><\/div><\/div>\t\t<\/div>\r\n\t\t\t<\/article>\r\n<\/div>\t<div class=\"w-grid-preloader\">\r\n\t\t<div class=\"g-preloader type_1\">\r\n\t\t\t<div><\/div>\r\n\t\t<\/div>\r\n\t<\/div>\r\n\t\t\t\t<nav class=\"pagination navigation\" role=\"navigation\">\r\n\t\t\t\t<div class=\"nav-links\">\r\n\t\t\t\t\t<span aria-current=\"page\" class=\"page-numbers current\"><span>1<\/span><\/span>\n<a class=\"page-numbers\" href=\"https:\/\/kunstverein-bamberg.de\/index.php\/wp-json\/wp\/v2\/pages\/24753\/page\/2\/\"><span>2<\/span><\/a>\n<a class=\"page-numbers\" href=\"https:\/\/kunstverein-bamberg.de\/index.php\/wp-json\/wp\/v2\/pages\/24753\/page\/3\/\"><span>3<\/span><\/a>\n<a class=\"page-numbers\" href=\"https:\/\/kunstverein-bamberg.de\/index.php\/wp-json\/wp\/v2\/pages\/24753\/page\/4\/\"><span>4<\/span><\/a>\n<span class=\"page-numbers dots\">&hellip;<\/span>\n<a class=\"page-numbers\" href=\"https:\/\/kunstverein-bamberg.de\/index.php\/wp-json\/wp\/v2\/pages\/24753\/page\/9\/\"><span>9<\/span><\/a>\n<a class=\"next page-numbers\" href=\"https:\/\/kunstverein-bamberg.de\/index.php\/wp-json\/wp\/v2\/pages\/24753\/page\/2\/\"><span>Weiter<\/span><\/a>\t\t\t\t<\/div>\r\n\t\t\t<\/nav>\r\n\t\t\t\t<div class=\"w-grid-json hidden\" onclick='return {&quot;action&quot;:&quot;us_ajax_grid&quot;,&quot;infinite_scroll&quot;:0,&quot;max_num_pages&quot;:9,&quot;pagination&quot;:&quot;regular&quot;,&quot;template_vars&quot;:{&quot;columns&quot;:&quot;1&quot;,&quot;exclude_items&quot;:&quot;none&quot;,&quot;img_size&quot;:&quot;default&quot;,&quot;ignore_items_size&quot;:0,&quot;items_layout&quot;:&quot;24168&quot;,&quot;items_offset&quot;:&quot;1&quot;,&quot;load_animation&quot;:&quot;none&quot;,&quot;overriding_link&quot;:&quot;{\\&quot;url\\&quot;:\\&quot;\\&quot;}&quot;,&quot;post_id&quot;:0,&quot;query_args&quot;:{&quot;post_type&quot;:[&quot;post&quot;],&quot;tax_query&quot;:[{&quot;taxonomy&quot;:&quot;category&quot;,&quot;field&quot;:&quot;slug&quot;,&quot;terms&quot;:&quot;archiv&quot;}],&quot;post_status&quot;:[&quot;publish&quot;,&quot;tribe-ea-success&quot;,&quot;tribe-ea-failed&quot;,&quot;tribe-ea-schedule&quot;,&quot;tribe-ea-pending&quot;,&quot;tribe-ea-draft&quot;],&quot;posts_per_page&quot;:&quot;10&quot;},&quot;orderby_query_args&quot;:{&quot;orderby&quot;:{&quot;date&quot;:&quot;DESC&quot;}},&quot;type&quot;:&quot;grid&quot;,&quot;us_grid_post_type&quot;:&quot;post&quot;,&quot;us_grid_ajax_index&quot;:1,&quot;us_grid_filter_query_string&quot;:null,&quot;us_grid_index&quot;:1,&quot;page_args&quot;:[]}}'><\/div>\r\n\t<\/div><\/div><\/div><\/div><\/div><\/section>\n","protected":false},"excerpt":{"rendered":"","protected":false},"author":1,"featured_media":0,"parent":0,"menu_order":0,"comment_status":"closed","ping_status":"closed","template":"","meta":{"footnotes":""},"class_list":["post-24753","page","type-page","status-publish","hentry"],"_links":{"self":[{"href":"https:\/\/kunstverein-bamberg.de\/index.php\/wp-json\/wp\/v2\/pages\/24753","targetHints":{"allow":["GET"]}}],"collection":[{"href":"https:\/\/kunstverein-bamberg.de\/index.php\/wp-json\/wp\/v2\/pages"}],"about":[{"href":"https:\/\/kunstverein-bamberg.de\/index.php\/wp-json\/wp\/v2\/types\/page"}],"author":[{"embeddable":true,"href":"https:\/\/kunstverein-bamberg.de\/index.php\/wp-json\/wp\/v2\/users\/1"}],"replies":[{"embeddable":true,"href":"https:\/\/kunstverein-bamberg.de\/index.php\/wp-json\/wp\/v2\/comments?post=24753"}],"version-history":[{"count":7,"href":"https:\/\/kunstverein-bamberg.de\/index.php\/wp-json\/wp\/v2\/pages\/24753\/revisions"}],"predecessor-version":[{"id":25102,"href":"https:\/\/kunstverein-bamberg.de\/index.php\/wp-json\/wp\/v2\/pages\/24753\/revisions\/25102"}],"wp:attachment":[{"href":"https:\/\/kunstverein-bamberg.de\/index.php\/wp-json\/wp\/v2\/media?parent=24753"}],"curies":[{"name":"wp","href":"https:\/\/api.w.org\/{rel}","templated":true}]}}