{"id":24130,"date":"2025-08-28T18:36:14","date_gmt":"2025-08-28T16:36:14","guid":{"rendered":"https:\/\/kunstverein.advancedmagic.de\/?page_id=24130"},"modified":"2026-02-04T14:25:04","modified_gmt":"2026-02-04T13:25:04","slug":"aktivitaten","status":"publish","type":"page","link":"https:\/\/kunstverein-bamberg.de\/index.php\/aktivitaten\/","title":{"rendered":"Aktivit\u00e4ten"},"content":{"rendered":"<section class=\"l-section wpb_row height_medium\"><div class=\"l-section-h i-cf\"><div class=\"g-cols vc_row via_grid cols_1 laptops-cols_inherit tablets-cols_inherit mobiles-cols_1 valign_top type_default stacking_default\"><div class=\"wpb_column vc_column_container\"><div class=\"vc_column-inner\"><h3 class=\"w-text\"><span class=\"w-text-h\"><span class=\"w-text-value\">Aktivit\u00e4ten<\/span><\/span><\/h3><\/div><\/div><\/div><\/div><\/section><section class=\"l-section wpb_row height_medium\"><div class=\"l-section-h i-cf\"><div class=\"g-cols vc_row via_grid cols_1 laptops-cols_inherit tablets-cols_inherit mobiles-cols_1 valign_top type_default stacking_default\"><div class=\"wpb_column vc_column_container\"><div class=\"vc_column-inner\"><div class=\"w-grid us_post_list type_grid layout_23970 cols_1 preload_style_spinner\" id=\"us_post_list_o27b\" style=\"--columns:1;--gap:1.5rem;\"><style>.layout_23970 .w-grid-item-h{}<\/style><div class=\"w-grid-list\">\t<article class=\"w-grid-item size_1x1 post-25131 post type-post status-publish format-standard hentry category-allgemein\" data-id=\"25131\">\r\n\t\t<div class=\"w-grid-item-h\">\r\n\t\t\t\t\t\t<h3 class=\"w-post-elm post_title usg_post_title_1 entry-title color_link_inherit\"><a href=\"https:\/\/kunstverein-bamberg.de\/index.php\/2026\/02\/04\/25131\/\">Kunstreisen 2026<\/a><\/h3><div class=\"w-post-elm post_content usg_post_content_1 without_sections\"><div class=\"wpb_text_column\"><div class=\"wpb_wrapper\"><p>Liebe Mitglieder und Freunde des Kunstvereins Bamberg,<\/p>\n<p>wir laden Sie herzlich ein zu gemeinsamen Museums- und Ausstellungsbesuchen. Erleben Sie Kunst\u00a0im Austausch, mit F\u00fchrung und entspanntem gemeinsamen Reisen.<\/p>\n<\/div><\/div><div class=\"w-separator size_small\"><\/div><h6 class=\"w-text\"><span class=\"w-text-h\"><span class=\"w-text-value\">Donnerstag, 19. Februar N\u00fcrnberg<\/span><\/span><\/h6><h4 class=\"w-text\"><span class=\"w-text-h\"><span class=\"w-text-value\">Neues Museum<\/span><\/span><\/h4><h4 class=\"w-text\"><span class=\"w-text-h\"><span class=\"w-text-value\">GRAND HOTELL PARR &#8211; Fotob\u00fccher von Martin Parr<\/span><\/span><\/h4><div class=\"wpb_text_column\"><div class=\"wpb_wrapper\"><p>Wie kaum ein anderer versteht es Martin Parr, die Absurdit\u00e4ten unserer globalen Konsum- und<br \/>\nFreizeitkultur einzufangen. In einer aufwendig inszenierten Ausstellung \u2013 angelehnt an das<br \/>\nErscheinungsbild einer Hotelanlage \u2013 k\u00f6nnen \u00fcber 200 Fotob\u00fccher des K\u00fcnstlers entdeckt werden.<br \/>\nEin Blick auf eine bizarre Welt zwischen Protz und Kitsch, Vier-Sterne-Luxus und \u201eAll inclusive\u201c.<br \/>\nAbfahrt: RE 20 \u00b7 9.39 Uhr<br \/>\nTreffpunkt: Bahnhof \u00b7 9.25 Uhr<br \/>\nKosten: Zugfahrt, Eintritt und F\u00fchrung<\/p>\n<\/div><\/div><div class=\"w-separator size_small with_line width_default thick_1 style_solid color_border align_center\"><div class=\"w-separator-h\"><\/div><\/div><h6 class=\"w-text\"><span class=\"w-text-h\"><span class=\"w-text-value\">Donnerstag, 26. M\u00e4rz Frankfurt am Main<\/span><\/span><\/h6><h4 class=\"w-text\"><span class=\"w-text-h\"><span class=\"w-text-value\">Museum f\u00fcr Angewandte Kunst<\/span><\/span><\/h4><h4 class=\"w-text\"><span class=\"w-text-h\"><span class=\"w-text-value\">Wolle. Seide. Widerstand<\/span><\/span><\/h4><div class=\"wpb_text_column\"><div class=\"wpb_wrapper\"><p>Teppichkunstwerke bilden den roten Faden dieser Ausstellung \u2013 Werke, die eine Geste des<br \/>\nDagegenseins in sich tragen.<\/p>\n<\/div><\/div><div class=\"w-text\"><span class=\"w-text-h\"><span class=\"w-text-value\">Some text<\/span><\/span><\/div><div class=\"w-separator size_small\"><\/div><h4 class=\"w-text\"><span class=\"w-text-h\"><span class=\"w-text-value\">St\u00e4del Museum<\/span><\/span><\/h4><h4 class=\"w-text\"><span class=\"w-text-h\"><span class=\"w-text-value\">Monets K\u00fcste. Die Entdeckung von \u00c9tretat<\/span><\/span><\/h4><div class=\"wpb_text_column\"><div class=\"wpb_wrapper\"><p>Die Ausstellung l\u00e4dt zu einem Besuch des normannischen K\u00fcnstlerortes \u00c9tretat ein, der sich im 19.<br \/>\nJahrhundert f\u00fcr viele Maler zu einer zentralen Inspirationsquelle entwickelte.<br \/>\nAbfahrt: RE 54 \u00b7 7.25 Uhr<br \/>\nTreffpunkt: Bahnhof \u00b7 7.15 Uhr<br \/>\nKosten: Zugfahrt, Eintritt und F\u00fchrung<\/p>\n<\/div><\/div><div class=\"w-separator size_small with_line width_default thick_1 style_solid color_border align_center\"><div class=\"w-separator-h\"><\/div><\/div><h6 class=\"w-text\"><span class=\"w-text-h\"><span class=\"w-text-value\">In Planung<\/span><\/span><\/h6><div class=\"wpb_text_column\"><div class=\"wpb_wrapper\"><p>\u2022 Juni: Chemnitz und Umgebung<br \/>\n\u2022 Juli \/ August: Frankfurt \u2013 Schirn Kunsthalle, The World Through AI<br \/>\n\u2022 Oktober: Biennale Venedig<\/p>\n<\/div><\/div><div class=\"w-separator size_small with_line width_default thick_1 style_solid color_border align_center\"><div class=\"w-separator-h\"><\/div><\/div><div class=\"w-text us_custom_d18b2b6a\"><span class=\"w-text-h\"><span class=\"w-text-value\">Wir bitten um Anmeldung unter kunstfahrten@kunstverein-bamberg.de<\/span><\/span><\/div>\n<\/div>\t\t<\/div>\r\n\t\t\t<\/article>\r\n<\/div><style id=\"grid-post-content-css\">.us_custom_d18b2b6a{font-size:1.2em!important;font-weight:700!important}<\/style><div class=\"g-loadmore hidden\"><div class=\"g-preloader type_1\"><div><\/div><\/div><\/div><div class=\"w-grid-list-json hidden\" onclick='return {&quot;max_num_pages&quot;:0,&quot;paginationBase&quot;:&quot;page&quot;,&quot;pagination&quot;:&quot;none&quot;,&quot;paged&quot;:1,&quot;ajaxData&quot;:{&quot;action&quot;:&quot;us_ajax_post_list&quot;,&quot;meta_type&quot;:&quot;post&quot;,&quot;object_id&quot;:0,&quot;template_vars&quot;:{&quot;shortcode_base&quot;:&quot;us_post_list&quot;,&quot;paged&quot;:1,&quot;max_num_pages&quot;:0,&quot;no_results&quot;:false,&quot;us_post_content_design_css&quot;:{&quot;default&quot;:{&quot;us_custom_d18b2b6a&quot;:{&quot;font-size&quot;:&quot;1.2em&quot;,&quot;font-weight&quot;:&quot;700&quot;}}},&quot;found_posts&quot;:0,&quot;per_page&quot;:12,&quot;items_count&quot;:1,&quot;orderby_random_seed&quot;:null,&quot;source&quot;:&quot;post__in&quot;,&quot;ids&quot;:&quot;25131&quot;,&quot;post_type&quot;:&quot;post&quot;,&quot;attachment_ids&quot;:null,&quot;include_post_thumbnail&quot;:0,&quot;post_author&quot;:&quot;any&quot;,&quot;post_author_ids&quot;:&quot;&quot;,&quot;apply_url_params&quot;:0,&quot;ignore_sticky_posts&quot;:1,&quot;exclude_children&quot;:0,&quot;exclude_current_post&quot;:1,&quot;exclude_prev_posts&quot;:0,&quot;exclude_past_events&quot;:0,&quot;enable_items_offset&quot;:0,&quot;items_offset&quot;:&quot;1&quot;,&quot;tax_query_relation&quot;:&quot;none&quot;,&quot;tax_query&quot;:[{&quot;operator&quot;:&quot;IN&quot;,&quot;taxonomy&quot;:&quot;category&quot;,&quot;terms&quot;:&quot;&quot;,&quot;include_children&quot;:0}],&quot;meta_query_relation&quot;:&quot;none&quot;,&quot;meta_query&quot;:[{&quot;key&quot;:&quot;custom_field_name&quot;,&quot;compare&quot;:&quot;=&quot;,&quot;value&quot;:&quot;&quot;}],&quot;orderby&quot;:&quot;date&quot;,&quot;orderby_custom_field&quot;:&quot;&quot;,&quot;orderby_custom_type&quot;:0,&quot;order_invert&quot;:0,&quot;show_all&quot;:0,&quot;quantity&quot;:&quot;12&quot;,&quot;posts_per_archive_page&quot;:&quot;0&quot;,&quot;no_items_action&quot;:&quot;message&quot;,&quot;no_items_message&quot;:&quot;Es wurden keine Ergebnisse gefunden.&quot;,&quot;no_items_page_block&quot;:&quot;&quot;,&quot;pagination&quot;:&quot;none&quot;,&quot;pagination_style&quot;:&quot;&quot;,&quot;pagination_btn_text&quot;:&quot;Mehr laden&quot;,&quot;pagination_btn_size&quot;:&quot;&quot;,&quot;pagination_btn_style&quot;:&quot;1&quot;,&quot;pagination_btn_fullwidth&quot;:0,&quot;items_layout&quot;:&quot;23970&quot;,&quot;type&quot;:&quot;grid&quot;,&quot;items_valign&quot;:0,&quot;ignore_items_size&quot;:0,&quot;columns&quot;:&quot;1&quot;,&quot;items_gap&quot;:&quot;1.5rem&quot;,&quot;load_animation&quot;:&quot;none&quot;,&quot;items_preload_style&quot;:&quot;spinner&quot;,&quot;img_size&quot;:&quot;default&quot;,&quot;title_size&quot;:&quot;&quot;,&quot;items_ratio&quot;:&quot;default&quot;,&quot;items_ratio_width&quot;:&quot;21&quot;,&quot;items_ratio_height&quot;:&quot;9&quot;,&quot;overriding_link&quot;:&quot;{\\&quot;url\\&quot;:\\&quot;\\&quot;}&quot;,&quot;popup_page_template&quot;:&quot;0&quot;,&quot;popup_width&quot;:&quot;&quot;,&quot;popup_arrows&quot;:1,&quot;breakpoint_1_width&quot;:&quot;1381px&quot;,&quot;breakpoint_1_cols&quot;:&quot;default&quot;,&quot;breakpoint_1_quantity&quot;:&quot;&quot;,&quot;breakpoint_1_gap&quot;:&quot;&quot;,&quot;breakpoint_2_width&quot;:&quot;1025px&quot;,&quot;breakpoint_2_cols&quot;:&quot;2&quot;,&quot;breakpoint_2_quantity&quot;:&quot;&quot;,&quot;breakpoint_2_gap&quot;:&quot;&quot;,&quot;breakpoint_3_width&quot;:&quot;601px&quot;,&quot;breakpoint_3_cols&quot;:&quot;1&quot;,&quot;breakpoint_3_quantity&quot;:&quot;&quot;,&quot;breakpoint_3_gap&quot;:&quot;&quot;,&quot;conditions_operator&quot;:&quot;always&quot;,&quot;conditions&quot;:[],&quot;css&quot;:null,&quot;el_class&quot;:&quot;&quot;,&quot;el_id&quot;:&quot;&quot;,&quot;enable_custom_html_atts&quot;:0,&quot;custom_html_atts&quot;:null,&quot;hide_on_states&quot;:&quot;&quot;,&quot;hide_for_sticky&quot;:0,&quot;hide_for_not_sticky&quot;:0,&quot;hide_below&quot;:&quot;0px&quot;,&quot;hide_above&quot;:&quot;0px&quot;,&quot;classes&quot;:&quot;&quot;},&quot;found_posts&quot;:0,&quot;per_page&quot;:12},&quot;facetedFilter&quot;:[]}'><\/div><\/div><\/div><\/div><\/div><\/div><\/section><section class=\"l-section wpb_row height_medium\"><div class=\"l-section-h i-cf\"><div class=\"g-cols vc_row via_grid cols_2 laptops-cols_inherit tablets-cols_inherit mobiles-cols_1 valign_top type_default stacking_default\"><div class=\"wpb_column vc_column_container\"><div class=\"vc_column-inner\"><\/div><\/div><\/div><\/div><\/section>\n","protected":false},"excerpt":{"rendered":"","protected":false},"author":1,"featured_media":0,"parent":0,"menu_order":0,"comment_status":"closed","ping_status":"closed","template":"","meta":{"footnotes":""},"class_list":["post-24130","page","type-page","status-publish","hentry"],"_links":{"self":[{"href":"https:\/\/kunstverein-bamberg.de\/index.php\/wp-json\/wp\/v2\/pages\/24130","targetHints":{"allow":["GET"]}}],"collection":[{"href":"https:\/\/kunstverein-bamberg.de\/index.php\/wp-json\/wp\/v2\/pages"}],"about":[{"href":"https:\/\/kunstverein-bamberg.de\/index.php\/wp-json\/wp\/v2\/types\/page"}],"author":[{"embeddable":true,"href":"https:\/\/kunstverein-bamberg.de\/index.php\/wp-json\/wp\/v2\/users\/1"}],"replies":[{"embeddable":true,"href":"https:\/\/kunstverein-bamberg.de\/index.php\/wp-json\/wp\/v2\/comments?post=24130"}],"version-history":[{"count":18,"href":"https:\/\/kunstverein-bamberg.de\/index.php\/wp-json\/wp\/v2\/pages\/24130\/revisions"}],"predecessor-version":[{"id":25135,"href":"https:\/\/kunstverein-bamberg.de\/index.php\/wp-json\/wp\/v2\/pages\/24130\/revisions\/25135"}],"wp:attachment":[{"href":"https:\/\/kunstverein-bamberg.de\/index.php\/wp-json\/wp\/v2\/media?parent=24130"}],"curies":[{"name":"wp","href":"https:\/\/api.w.org\/{rel}","templated":true}]}}