{"id":23841,"date":"2025-07-29T21:39:27","date_gmt":"2025-07-29T19:39:27","guid":{"rendered":"https:\/\/kunstverein.advancedmagic.de\/?page_id=23841"},"modified":"2025-09-10T17:43:55","modified_gmt":"2025-09-10T15:43:55","slug":"kommende","status":"publish","type":"page","link":"https:\/\/kunstverein-bamberg.de\/index.php\/kommende\/","title":{"rendered":"Kommende Ausstellungen"},"content":{"rendered":"<section class=\"l-section wpb_row height_medium\"><div class=\"l-section-h i-cf\"><div class=\"g-cols vc_row via_grid cols_1 laptops-cols_inherit tablets-cols_inherit mobiles-cols_1 valign_top type_default stacking_default\"><div class=\"wpb_column vc_column_container\"><div class=\"vc_column-inner\"><div class=\"w-grid us_post_list type_grid layout_23970 cols_1 preload_style_spinner\" id=\"us_post_list_kdc2\" style=\"--columns:1;--gap:1.5rem;\"><style>.layout_23970 .w-grid-item-h{}<\/style><div class=\"w-grid-list\">\t<article class=\"w-grid-item size_1x1 post-25117 post type-post status-publish format-standard hentry category-34 category-kommend\" data-id=\"25117\">\r\n\t\t<div class=\"w-grid-item-h\">\r\n\t\t\t\t\t\t<h3 class=\"w-post-elm post_title usg_post_title_1 entry-title color_link_inherit\"><a href=\"https:\/\/kunstverein-bamberg.de\/index.php\/2026\/01\/31\/sophia-susmilch-cathrin-hoffmann\/\">Sophia S\u00fc\u00dfmilch &#038; Cathrin Hoffmann<\/a><\/h3><div class=\"w-post-elm post_content usg_post_content_1 without_sections\"><div class=\"w-separator size_small\"><\/div><div class=\"w-gallery fit_cover type_grid ratio_1x1 count_1\" style=\"--columns:4;--items-gap:10px;\"><div class=\"w-gallery-list\"><div class=\"w-gallery-item\"><div class=\"w-gallery-item-img\"><img loading=\"lazy\" decoding=\"async\" width=\"819\" height=\"1024\" src=\"https:\/\/kunstverein-bamberg.de\/wp-content\/uploads\/2026\/02\/Portrait_Sophia-Susmilch_Cathrin-Hoffmann_2025_Foto-Cathrin-Hoffmann-Sophia-Susmilch-819x1024.jpg\" class=\"attachment-large size-large\" alt=\"\" srcset=\"https:\/\/kunstverein-bamberg.de\/wp-content\/uploads\/2026\/02\/Portrait_Sophia-Susmilch_Cathrin-Hoffmann_2025_Foto-Cathrin-Hoffmann-Sophia-Susmilch-819x1024.jpg 819w, https:\/\/kunstverein-bamberg.de\/wp-content\/uploads\/2026\/02\/Portrait_Sophia-Susmilch_Cathrin-Hoffmann_2025_Foto-Cathrin-Hoffmann-Sophia-Susmilch-240x300.jpg 240w, https:\/\/kunstverein-bamberg.de\/wp-content\/uploads\/2026\/02\/Portrait_Sophia-Susmilch_Cathrin-Hoffmann_2025_Foto-Cathrin-Hoffmann-Sophia-Susmilch-1320x1650.jpg 1320w, https:\/\/kunstverein-bamberg.de\/wp-content\/uploads\/2026\/02\/Portrait_Sophia-Susmilch_Cathrin-Hoffmann_2025_Foto-Cathrin-Hoffmann-Sophia-Susmilch.jpg 1598w\" sizes=\"auto, (max-width: 819px) 100vw, 819px\" \/><\/div><\/div><\/div><\/div><div class=\"w-text us_custom_68da1fe9\"><span class=\"w-text-h\"><span class=\"w-text-value\">Foto: Cathrin Hoffmann &amp; Sopia S\u00fc\u00dfmilch<\/span><\/span><\/div><div class=\"w-separator size_small\"><\/div><h3 class=\"w-text\"><span class=\"w-text-h\"><span class=\"w-text-value\">13. Juni &#8211; 26. Juli 2026<\/span><\/span><\/h3><h3 class=\"w-text\"><span class=\"w-text-h\"><span class=\"w-text-value\">Er\u00f6ffnung: 12. Juni 2026 um 19 Uhr<\/span><\/span><\/h3><div class=\"wpb_text_column\"><div class=\"wpb_wrapper\"><p>Der Kunstverein Bamberg e.V. pr\u00e4sentiert seine Jahresausstellung 2026 in der Stadtgalerie Villa Dessauer und bringt zwei international beachtete k\u00fcnstlerische Positionen erstmals in Bamberg zusammen: Sophia S\u00fc\u00dfmilch und Cathrin Hoffmann. Die Ausstellung vereint zwei junge, radikale Stimmen der zeitgen\u00f6ssischen Kunst, die auf unterschiedliche Weise den menschlichen K\u00f6rper als Spiegel gesellschaftlicher, politischer und technologischer Umbr\u00fcche untersuchen.<\/p>\n<p>Im Fokus steht der K\u00f6rper als wandelbares, verletzliches und zugleich widerst\u00e4ndiges Medium, das von Machtverh\u00e4ltnissen, digitalen Strukturen, sozialen Zuschreibungen und Zukunftsentw\u00fcrfen gepr\u00e4gt ist. Die beiden K\u00fcnstlerinnen er\u00f6ffnen dabei bewusst kontr\u00e4re Perspektiven:<\/p>\n<p>Sophia S\u00fc\u00dfmilch arbeitet mit Humor, Provokation und performativer Radikalit\u00e4t. Ihre Werke thematisieren K\u00f6rperlichkeit als Ort von Lust, Schmerz und Widerstand und legen gesellschaftliche Tabus, Geschlechterrollen und soziale Rituale schonungslos offen.<\/p>\n<p>Cathrin Hoffmann hingegen untersucht die menschliche Gestalt im Spannungsfeld von Virtualit\u00e4t und Realit\u00e4t. Ihre Arbeiten reflektieren Entfremdung, Digitalisierung und postdigitale K\u00f6rperbilder und entwerfen hybride, oft fragile Figuren zwischen physischer Pr\u00e4senz und digitaler Aufl\u00f6sung.<\/p>\n<p>Die Gegen\u00fcberstellung beider Positionen schafft ein spannungsreiches Panorama zeitgen\u00f6ssischer Kunst, das hochaktuelle Themen wie K\u00f6rperpolitik, Geschlechterdiskurse, Klimawandel, politische Krisen und technologische Transformationen in eine vielschichtige k\u00fcnstlerische Form \u00fcbersetzt. Die Ausstellung ist als dialogisches Projekt konzipiert und umfasst neue sowie weiterentwickelte Arbeiten aus Malerei, Skulptur und Installation.<\/p>\n<p>Sophia S\u00fc\u00dfmilch (*1983) lebt und arbeitet in M\u00fcnchen und Berlin. Sie studierte an der Akademie der Bildenden K\u00fcnste M\u00fcnchen und wurde unter anderem mit dem Bayerischen Kunstf\u00f6rderpreis ausgezeichnet. Ihre Arbeiten waren in renommierten Institutionen wie dem Lenbachhaus, dem Haus der Kunst und der Kunsthalle Osnabr\u00fcck zu sehen.<\/p>\n<p>Cathrin Hoffmann, deutsch-iranische K\u00fcnstlerin mit Sitz in Berlin, arbeitet medien\u00fcbergreifend an der Schnittstelle von Malerei, Skulptur und Installation. Ihre Werke wurden international unter anderem in Berlin, Paris, Wien und New York gezeigt und durch zahlreiche Stipendien und Residenzen gef\u00f6rdert.<\/p>\n<p>Mehr Informationen: <a href=\"http:\/\/sophiasuessmilch.com\">sophiasuessmilch.com<\/a>, <a href=\"http:\/\/cathrinhoffmann.com\">cathrinhoffmann.com<\/a><\/p>\n<p><strong>Ort und \u00d6ffnungszeiten<\/strong><br \/>\nStadtgalerie Bamberg \u2013 Villa Dessauer, Hainstra\u00dfe 4a, 96047 Bamberg<br \/>\n\u00d6ffnungszeiten: Donnerstag\u2013Sonntag, 12\u201318 Uhr<\/p>\n<\/div><\/div>\n<\/div>\t\t<\/div>\r\n\t\t\t<\/article>\r\n\t<article class=\"w-grid-item size_1x1 post-25098 post type-post status-publish format-standard hentry category-34 category-kommend\" data-id=\"25098\">\r\n\t\t<div class=\"w-grid-item-h\">\r\n\t\t\t\t\t\t<h3 class=\"w-post-elm post_title usg_post_title_1 entry-title color_link_inherit\"><a href=\"https:\/\/kunstverein-bamberg.de\/index.php\/2026\/02\/01\/numero-cromatico\/\">Numero Cromatico<\/a><\/h3><div class=\"w-post-elm post_content usg_post_content_1 without_sections\"><div class=\"w-separator size_small\"><\/div><div class=\"w-gallery fit_cover type_grid ratio_1x1 count_2\" style=\"--columns:4;--items-gap:10px;\"><div class=\"w-gallery-list\"><div class=\"w-gallery-item\"><div class=\"w-gallery-item-img\"><img loading=\"lazy\" decoding=\"async\" width=\"1024\" height=\"680\" src=\"https:\/\/kunstverein-bamberg.de\/wp-content\/uploads\/2026\/01\/Ritratto-di-Numero-Cromatico-2024-Foto_-Numero-Cromatico-1024x680.jpg\" class=\"attachment-large size-large\" alt=\"\" srcset=\"https:\/\/kunstverein-bamberg.de\/wp-content\/uploads\/2026\/01\/Ritratto-di-Numero-Cromatico-2024-Foto_-Numero-Cromatico-1024x680.jpg 1024w, https:\/\/kunstverein-bamberg.de\/wp-content\/uploads\/2026\/01\/Ritratto-di-Numero-Cromatico-2024-Foto_-Numero-Cromatico-300x199.jpg 300w, https:\/\/kunstverein-bamberg.de\/wp-content\/uploads\/2026\/01\/Ritratto-di-Numero-Cromatico-2024-Foto_-Numero-Cromatico-1320x877.jpg 1320w\" sizes=\"auto, (max-width: 1024px) 100vw, 1024px\" \/><\/div><\/div><div class=\"w-gallery-item\"><div class=\"w-gallery-item-img\"><img loading=\"lazy\" decoding=\"async\" width=\"1024\" height=\"683\" src=\"https:\/\/kunstverein-bamberg.de\/wp-content\/uploads\/2026\/01\/Numero-Cromatico-Take-me-into-your-dreams-among-your-darkest-thoughts-Numero-Cromatico-x-Etro-Milano-2025-Foto_Alberto-Maddaloni-1024x683.jpg\" class=\"attachment-large size-large\" alt=\"\" srcset=\"https:\/\/kunstverein-bamberg.de\/wp-content\/uploads\/2026\/01\/Numero-Cromatico-Take-me-into-your-dreams-among-your-darkest-thoughts-Numero-Cromatico-x-Etro-Milano-2025-Foto_Alberto-Maddaloni-1024x683.jpg 1024w, https:\/\/kunstverein-bamberg.de\/wp-content\/uploads\/2026\/01\/Numero-Cromatico-Take-me-into-your-dreams-among-your-darkest-thoughts-Numero-Cromatico-x-Etro-Milano-2025-Foto_Alberto-Maddaloni-300x200.jpg 300w, https:\/\/kunstverein-bamberg.de\/wp-content\/uploads\/2026\/01\/Numero-Cromatico-Take-me-into-your-dreams-among-your-darkest-thoughts-Numero-Cromatico-x-Etro-Milano-2025-Foto_Alberto-Maddaloni-1320x880.jpg 1320w\" sizes=\"auto, (max-width: 1024px) 100vw, 1024px\" \/><\/div><\/div><\/div><\/div><div class=\"wpb_text_column us_custom_68da1fe9\"><div class=\"wpb_wrapper\"><p>Bild 1: Ritratto di Numero Cromatico, 2024, Foto Numero Cromatico<br \/>\nBild 2: Numero Cromatico, Take me into your dreams, among your darkest thoughts, Numero Cromatico x Etro, Milano, 2025 &#8211; Foto_Alberto Maddaloni<\/p>\n<\/div><\/div><div class=\"w-separator size_small\"><\/div><h6 class=\"w-text\"><span class=\"w-text-h\"><span class=\"w-text-value\">26. September &#8211; 1. November 2026<\/span><\/span><\/h6><h6 class=\"w-text\"><span class=\"w-text-h\"><span class=\"w-text-value\">Vernissage: Freitag, den 25. September 2026 um 19 Uhr<\/span><\/span><\/h6><div class=\"w-text\"><span class=\"w-text-h\"><span class=\"w-text-value\">Eine Kooperation mit AOA;87 Berlin<\/span><\/span><\/div><div class=\"w-separator size_small\"><\/div><div class=\"wpb_text_column\"><div class=\"wpb_wrapper\"><p>Numero Cromatico ist ein in Rom ans\u00e4ssiges K\u00fcnstlerkollektiv, Forschungszentrum und unabh\u00e4ngiger Verlag. Forschende aus Kunst, Neurowissenschaften, Philosophie und Design arbeiten transdisziplin\u00e4r zu Wahrnehmung, Sprache und \u00e4sthetischer Erfahrung, mit Fokus auf die Rolle der Betrachtenden. Das Kollektiv realisiert Kunstwerke, Installationen und Publikationen, die kognitive, sensorische und emotionale Prozesse aktivieren und traditionelle Kunstrezeption hinterfragen. Zudem pr\u00e4gt es seit Jahren den Diskurs zwischen Kunst und Neurowissenschaften, u. a. als Herausgeber von Nodes \u2013 Journal of Art and Neuroscience, einer international anerkannten Referenzzeitschrift.<\/p>\n<p>Die k\u00fcnstlerische Praxis umfasst Werke, ortsspezifische Installationen, Performances, Ausstellungen und Workshops und basiert auf Ans\u00e4tzen aus Neuro\u00e4sthetik, empirischer \u00c4sthetik und Digital Studies. Zentrale Prinzipien sind multisensorische \u201eangereicherte R\u00e4ume\u201c, die Verbindung von Tradition und Innovation, expressive abstinence zur Reduktion individueller Handschrift sowie das Genius Loci-Konzept zur kontextbezogenen Arbeit. Ziel ist es, neue Beziehungen zwischen Mensch, Natur und Technologie zu entwerfen und gesellschaftliche Paradigmen zu reflektieren.<\/p>\n<p>Die Forschung an der Schnittstelle von Kunst, Psychologie und Neurowissenschaften untersucht kognitive, emotionale und physiologische Prozesse der Kunsterfahrung sowie deren soziokulturelle Kontexte. Dabei kommen psychologische und neurowissenschaftliche Methoden wie Frageb\u00f6gen, Eye-Tracking oder elektrophysiologische Messungen zum Einsatz; das Publikum ist aktiv beteiligt, die Studien finden in realen Ausstellungssituationen statt.<\/p>\n<p>Als Verlag versteht Numero Cromatico Editions (gegr\u00fcndet 2011) das Buch als experimentelles, aktivierendes Medium zur Erprobung neuer kognitiver und expressiver M\u00f6glichkeiten und gibt zudem Nodes \u2013 Journal of Art and Neuroscience heraus, Italiens einzige halbj\u00e4hrliche, zweisprachige wissenschaftliche Zeitschrift der Klasse A zu Kunst und Neurowissenschaften.<\/p>\n<p><strong>Kunstraum Kesselhaus<\/strong><br \/>\nUntere Sandstra\u00dfe 42, 96049 Bamberg<br \/>\nge\u00f6ffnet: Fr 15\u201318 Uhr, Sa\u2013So &amp; feiertags 11\u201318 Uhr<br \/>\nEintritt frei | Spenden willkommen<\/p>\n<\/div><\/div>\n<\/div>\t\t<\/div>\r\n\t\t\t<\/article>\r\n<\/div><style id=\"grid-post-content-css\">.us_custom_68da1fe9{font-size:0.8em!important}<\/style><div class=\"g-loadmore hidden\"><div class=\"g-preloader type_1\"><div><\/div><\/div><\/div><div class=\"w-grid-list-json hidden\" onclick='return {&quot;max_num_pages&quot;:0,&quot;paginationBase&quot;:&quot;page&quot;,&quot;pagination&quot;:&quot;none&quot;,&quot;paged&quot;:1,&quot;ajaxData&quot;:{&quot;action&quot;:&quot;us_ajax_post_list&quot;,&quot;meta_type&quot;:&quot;post&quot;,&quot;object_id&quot;:0,&quot;template_vars&quot;:{&quot;shortcode_base&quot;:&quot;us_post_list&quot;,&quot;paged&quot;:1,&quot;max_num_pages&quot;:0,&quot;no_results&quot;:false,&quot;us_post_content_design_css&quot;:{&quot;default&quot;:{&quot;us_custom_68da1fe9&quot;:{&quot;font-size&quot;:&quot;0.8em&quot;}}},&quot;found_posts&quot;:0,&quot;per_page&quot;:12,&quot;items_count&quot;:2,&quot;orderby_random_seed&quot;:null,&quot;source&quot;:&quot;all&quot;,&quot;ids&quot;:&quot;&quot;,&quot;post_type&quot;:&quot;post&quot;,&quot;attachment_ids&quot;:null,&quot;include_post_thumbnail&quot;:0,&quot;post_author&quot;:&quot;any&quot;,&quot;post_author_ids&quot;:&quot;&quot;,&quot;apply_url_params&quot;:0,&quot;ignore_sticky_posts&quot;:1,&quot;exclude_children&quot;:0,&quot;exclude_current_post&quot;:&quot;0&quot;,&quot;exclude_prev_posts&quot;:0,&quot;exclude_past_events&quot;:0,&quot;enable_items_offset&quot;:0,&quot;items_offset&quot;:&quot;1&quot;,&quot;tax_query_relation&quot;:&quot;OR&quot;,&quot;tax_query&quot;:&quot;%5B%7B%22operator%22%3A%22IN%22%2C%22taxonomy%22%3A%22category%22%2C%22terms%22%3A%2215%22%2C%22include_children%22%3A0%7D%5D&quot;,&quot;meta_query_relation&quot;:&quot;none&quot;,&quot;meta_query&quot;:[{&quot;key&quot;:&quot;custom_field_name&quot;,&quot;compare&quot;:&quot;=&quot;,&quot;value&quot;:&quot;&quot;}],&quot;orderby&quot;:&quot;date&quot;,&quot;orderby_custom_field&quot;:&quot;&quot;,&quot;orderby_custom_type&quot;:0,&quot;order_invert&quot;:0,&quot;show_all&quot;:0,&quot;quantity&quot;:&quot;12&quot;,&quot;posts_per_archive_page&quot;:0,&quot;no_items_action&quot;:&quot;message&quot;,&quot;no_items_message&quot;:&quot;Es wurden keine Ergebnisse gefunden.&quot;,&quot;no_items_page_block&quot;:&quot;&quot;,&quot;pagination&quot;:&quot;none&quot;,&quot;pagination_style&quot;:&quot;&quot;,&quot;pagination_btn_text&quot;:&quot;Mehr laden&quot;,&quot;pagination_btn_size&quot;:&quot;&quot;,&quot;pagination_btn_style&quot;:&quot;1&quot;,&quot;pagination_btn_fullwidth&quot;:0,&quot;items_layout&quot;:&quot;23970&quot;,&quot;type&quot;:&quot;grid&quot;,&quot;items_valign&quot;:0,&quot;ignore_items_size&quot;:0,&quot;columns&quot;:&quot;1&quot;,&quot;items_gap&quot;:&quot;1.5rem&quot;,&quot;load_animation&quot;:&quot;none&quot;,&quot;items_preload_style&quot;:&quot;spinner&quot;,&quot;img_size&quot;:&quot;default&quot;,&quot;title_size&quot;:&quot;&quot;,&quot;items_ratio&quot;:&quot;default&quot;,&quot;items_ratio_width&quot;:&quot;21&quot;,&quot;items_ratio_height&quot;:&quot;9&quot;,&quot;overriding_link&quot;:&quot;{\\&quot;url\\&quot;:\\&quot;\\&quot;}&quot;,&quot;popup_page_template&quot;:&quot;0&quot;,&quot;popup_width&quot;:&quot;&quot;,&quot;popup_arrows&quot;:1,&quot;breakpoint_1_width&quot;:&quot;1381px&quot;,&quot;breakpoint_1_cols&quot;:&quot;default&quot;,&quot;breakpoint_1_quantity&quot;:&quot;&quot;,&quot;breakpoint_1_gap&quot;:&quot;&quot;,&quot;breakpoint_2_width&quot;:&quot;1025px&quot;,&quot;breakpoint_2_cols&quot;:&quot;2&quot;,&quot;breakpoint_2_quantity&quot;:&quot;&quot;,&quot;breakpoint_2_gap&quot;:&quot;&quot;,&quot;breakpoint_3_width&quot;:&quot;601px&quot;,&quot;breakpoint_3_cols&quot;:&quot;1&quot;,&quot;breakpoint_3_quantity&quot;:&quot;&quot;,&quot;breakpoint_3_gap&quot;:&quot;&quot;,&quot;conditions_operator&quot;:&quot;always&quot;,&quot;conditions&quot;:[],&quot;css&quot;:null,&quot;el_class&quot;:&quot;&quot;,&quot;el_id&quot;:&quot;&quot;,&quot;enable_custom_html_atts&quot;:0,&quot;custom_html_atts&quot;:null,&quot;hide_on_states&quot;:&quot;&quot;,&quot;hide_for_sticky&quot;:0,&quot;hide_for_not_sticky&quot;:0,&quot;hide_below&quot;:&quot;0px&quot;,&quot;hide_above&quot;:&quot;0px&quot;,&quot;classes&quot;:&quot;&quot;},&quot;found_posts&quot;:0,&quot;per_page&quot;:12},&quot;facetedFilter&quot;:[]}'><\/div><\/div><\/div><\/div><\/div><\/div><\/section>\n","protected":false},"excerpt":{"rendered":"","protected":false},"author":1,"featured_media":0,"parent":0,"menu_order":0,"comment_status":"closed","ping_status":"closed","template":"","meta":{"footnotes":""},"class_list":["post-23841","page","type-page","status-publish","hentry"],"_links":{"self":[{"href":"https:\/\/kunstverein-bamberg.de\/index.php\/wp-json\/wp\/v2\/pages\/23841","targetHints":{"allow":["GET"]}}],"collection":[{"href":"https:\/\/kunstverein-bamberg.de\/index.php\/wp-json\/wp\/v2\/pages"}],"about":[{"href":"https:\/\/kunstverein-bamberg.de\/index.php\/wp-json\/wp\/v2\/types\/page"}],"author":[{"embeddable":true,"href":"https:\/\/kunstverein-bamberg.de\/index.php\/wp-json\/wp\/v2\/users\/1"}],"replies":[{"embeddable":true,"href":"https:\/\/kunstverein-bamberg.de\/index.php\/wp-json\/wp\/v2\/comments?post=23841"}],"version-history":[{"count":17,"href":"https:\/\/kunstverein-bamberg.de\/index.php\/wp-json\/wp\/v2\/pages\/23841\/revisions"}],"predecessor-version":[{"id":24985,"href":"https:\/\/kunstverein-bamberg.de\/index.php\/wp-json\/wp\/v2\/pages\/23841\/revisions\/24985"}],"wp:attachment":[{"href":"https:\/\/kunstverein-bamberg.de\/index.php\/wp-json\/wp\/v2\/media?parent=23841"}],"curies":[{"name":"wp","href":"https:\/\/api.w.org\/{rel}","templated":true}]}}